{"id":4049,"date":"2020-05-27T07:49:04","date_gmt":"2020-05-26T23:49:04","guid":{"rendered":"https:\/\/www.speedefy.com\/pagina-inicial-do-speedefy\/"},"modified":"2023-09-25T14:42:15","modified_gmt":"2023-09-25T06:42:15","slug":"pagina-inicial-do-speedefy","status":"publish","type":"page","link":"https:\/\/www.speedefy.com\/pt-br\/","title":{"rendered":"P\u00e1gina inicial do Speedefy"},"content":{"rendered":"\t\t<div data-elementor-type=\"wp-page\" data-elementor-id=\"4049\" class=\"elementor elementor-4049 elementor-24\" data-elementor-post-type=\"page\">\n\t\t\t\t\t\t<section class=\"elementor-section elementor-top-section elementor-element elementor-element-d8980ad elementor-reverse-mobile elementor-section-height-min-height elementor-section-content-middle elementor-section-boxed elementor-section-height-default elementor-section-items-middle\" data-id=\"d8980ad\" data-element_type=\"section\" data-e-type=\"section\" data-settings=\"{&quot;background_background&quot;:&quot;classic&quot;}\">\n\t\t\t\t\t\t<div class=\"elementor-container elementor-column-gap-default\">\n\t\t\t\t\t<div class=\"elementor-column elementor-col-50 elementor-top-column elementor-element elementor-element-106b4a2\" data-id=\"106b4a2\" data-element_type=\"column\" data-e-type=\"column\">\n\t\t\t<div class=\"elementor-widget-wrap elementor-element-populated\">\n\t\t\t\t\t\t<div class=\"elementor-element elementor-element-b7c1cbf elementor-widget elementor-widget-heading\" data-id=\"b7c1cbf\" data-element_type=\"widget\" data-e-type=\"widget\" data-widget_type=\"heading.default\">\n\t\t\t\t\t<h2 class=\"elementor-heading-title elementor-size-default\">WiFi de \u00faltima gera\u00e7\u00e3o 6<\/h2>\t\t\t\t<\/div>\n\t\t\t\t<div class=\"elementor-element elementor-element-9464b80 elementor-hidden-tablet elementor-hidden-mobile elementor-widget elementor-widget-text-editor\" data-id=\"9464b80\" data-element_type=\"widget\" data-e-type=\"widget\" data-widget_type=\"text-editor.default\">\n\t\t\t\t\t\t\t\t\t<p>AX1800 WiFi 6, sem fio extremamente r\u00e1pido<\/p>\n<p>Poderoso WiFi 6 para F\u00e9rias<\/p>\n\t\t\t\t\t\t\t\t<\/div>\n\t\t\t\t<div class=\"elementor-element elementor-element-cbcbd28 elementor-widget-divider--view-line elementor-widget elementor-widget-divider\" data-id=\"cbcbd28\" data-element_type=\"widget\" data-e-type=\"widget\" data-widget_type=\"divider.default\">\n\t\t\t\t\t\t\t<div class=\"elementor-divider\">\n\t\t\t<span class=\"elementor-divider-separator\">\n\t\t\t\t\t\t<\/span>\n\t\t<\/div>\n\t\t\t\t\t\t<\/div>\n\t\t\t\t<div class=\"elementor-element elementor-element-07b8633 elementor-widget elementor-widget-text-editor\" data-id=\"07b8633\" data-element_type=\"widget\" data-e-type=\"widget\" data-widget_type=\"text-editor.default\">\n\t\t\t\t\t\t\t\t\t<p>Roteador Speedefy KX450 AX1800 WiFi 6<\/p>\n\t\t\t\t\t\t\t\t<\/div>\n\t\t\t\t<div class=\"elementor-element elementor-element-a90097e elementor-align-right elementor-widget elementor-widget-button\" data-id=\"a90097e\" data-element_type=\"widget\" data-e-type=\"widget\" data-widget_type=\"button.default\">\n\t\t\t\t\t\t\t\t\t\t<a class=\"elementor-button elementor-button-link elementor-size-lg\" href=\"https:\/\/www.speedefy.com\/pt-br\/roteador-ax1800-wifi-6-modelo-kx450-speedefy\/\">\n\t\t\t\t\t\t<span class=\"elementor-button-content-wrapper\">\n\t\t\t\t\t\t\t\t\t<span class=\"elementor-button-text\">Compre Agora<\/span>\n\t\t\t\t\t<\/span>\n\t\t\t\t\t<\/a>\n\t\t\t\t\t\t\t\t<\/div>\n\t\t\t\t\t<\/div>\n\t\t<\/div>\n\t\t\t\t<div class=\"elementor-column elementor-col-50 elementor-top-column elementor-element elementor-element-46f74f1\" data-id=\"46f74f1\" data-element_type=\"column\" data-e-type=\"column\">\n\t\t\t<div class=\"elementor-widget-wrap elementor-element-populated\">\n\t\t\t\t\t\t<div class=\"elementor-element elementor-element-07583ce elementor-widget elementor-widget-image\" data-id=\"07583ce\" data-element_type=\"widget\" data-e-type=\"widget\" data-widget_type=\"image.default\">\n\t\t\t\t\t\t\t\t\t\t\t\t\t\t\t<img fetchpriority=\"high\" decoding=\"async\" width=\"590\" height=\"533\" src=\"https:\/\/www.speedefy.com\/wp-content\/uploads\/2021\/12\/kx450-frontpage-image-1.png\" class=\"attachment-medium_large size-medium_large wp-image-2757\" alt=\"\" srcset=\"https:\/\/www.speedefy.com\/wp-content\/uploads\/2021\/12\/kx450-frontpage-image-1.png 590w, https:\/\/www.speedefy.com\/wp-content\/uploads\/2021\/12\/kx450-frontpage-image-1-300x271.png 300w\" sizes=\"(max-width: 590px) 100vw, 590px\" \/>\t\t\t\t\t\t\t\t\t\t\t\t\t\t\t<\/div>\n\t\t\t\t\t<\/div>\n\t\t<\/div>\n\t\t\t\t\t<\/div>\n\t\t<\/section>\n\t\t\t\t<section class=\"elementor-section elementor-top-section elementor-element elementor-element-8e6a94b elementor-reverse-mobile elementor-section-height-min-height elementor-section-content-middle elementor-section-full_width elementor-section-height-default elementor-section-items-middle\" data-id=\"8e6a94b\" data-element_type=\"section\" data-e-type=\"section\" data-settings=\"{&quot;background_background&quot;:&quot;classic&quot;}\">\n\t\t\t\t\t\t<div class=\"elementor-container elementor-column-gap-default\">\n\t\t\t\t\t<div class=\"elementor-column elementor-col-50 elementor-top-column elementor-element elementor-element-757be99\" data-id=\"757be99\" data-element_type=\"column\" data-e-type=\"column\">\n\t\t\t<div class=\"elementor-widget-wrap elementor-element-populated\">\n\t\t\t\t\t\t<div class=\"elementor-element elementor-element-fe991a0 elementor-widget elementor-widget-heading\" data-id=\"fe991a0\" data-element_type=\"widget\" data-e-type=\"widget\" data-widget_type=\"heading.default\">\n\t\t\t\t\t<h2 class=\"elementor-heading-title elementor-size-default\">Desempenho Ultra WiFi<\/h2>\t\t\t\t<\/div>\n\t\t\t\t<div class=\"elementor-element elementor-element-a44eb65 elementor-hidden-tablet elementor-hidden-mobile elementor-widget elementor-widget-text-editor\" data-id=\"a44eb65\" data-element_type=\"widget\" data-e-type=\"widget\" data-widget_type=\"text-editor.default\">\n\t\t\t\t\t\t\t\t\t<p><span style=\"color: #ffffff;\">7 Antenas, MU-MIMO e Dualband AC2100<\/span><\/p>\n<p><span style=\"color: #ffffff;\">Melhor atualiza\u00e7\u00e3o para jogos e Wi-Fi dom\u00e9stico<\/span><\/p>\n\t\t\t\t\t\t\t\t<\/div>\n\t\t\t\t<div class=\"elementor-element elementor-element-3adc48c elementor-widget-divider--view-line elementor-widget elementor-widget-divider\" data-id=\"3adc48c\" data-element_type=\"widget\" data-e-type=\"widget\" data-widget_type=\"divider.default\">\n\t\t\t\t\t\t\t<div class=\"elementor-divider\">\n\t\t\t<span class=\"elementor-divider-separator\">\n\t\t\t\t\t\t<\/span>\n\t\t<\/div>\n\t\t\t\t\t\t<\/div>\n\t\t\t\t<div class=\"elementor-element elementor-element-0207073 elementor-widget elementor-widget-text-editor\" data-id=\"0207073\" data-element_type=\"widget\" data-e-type=\"widget\" data-widget_type=\"text-editor.default\">\n\t\t\t\t\t\t\t\t\t<p>Speedefy K7 AC2100 Roteador WiFi Inteligente<\/p>\n\t\t\t\t\t\t\t\t<\/div>\n\t\t\t\t<div class=\"elementor-element elementor-element-985ee94 elementor-align-right elementor-widget elementor-widget-button\" data-id=\"985ee94\" data-element_type=\"widget\" data-e-type=\"widget\" data-widget_type=\"button.default\">\n\t\t\t\t\t\t\t\t\t\t<a class=\"elementor-button elementor-button-link elementor-size-lg\" href=\"https:\/\/www.speedefy.com\/pt-br\/ac2100-roteador-smart-wifi-modelo-k7\/\">\n\t\t\t\t\t\t<span class=\"elementor-button-content-wrapper\">\n\t\t\t\t\t\t\t\t\t<span class=\"elementor-button-text\">Compre Agora<\/span>\n\t\t\t\t\t<\/span>\n\t\t\t\t\t<\/a>\n\t\t\t\t\t\t\t\t<\/div>\n\t\t\t\t\t<\/div>\n\t\t<\/div>\n\t\t\t\t<div class=\"elementor-column elementor-col-50 elementor-top-column elementor-element elementor-element-f1b32ed\" data-id=\"f1b32ed\" data-element_type=\"column\" data-e-type=\"column\">\n\t\t\t<div class=\"elementor-widget-wrap elementor-element-populated\">\n\t\t\t\t\t\t<div class=\"elementor-element elementor-element-1bc236e elementor-widget elementor-widget-image\" data-id=\"1bc236e\" data-element_type=\"widget\" data-e-type=\"widget\" data-widget_type=\"image.default\">\n\t\t\t\t\t\t\t\t\t\t\t\t\t\t\t<img decoding=\"async\" width=\"768\" height=\"768\" src=\"https:\/\/www.speedefy.com\/wp-content\/uploads\/2021\/12\/K7-transparent-768x768.png\" class=\"attachment-medium_large size-medium_large wp-image-2967\" alt=\"\" srcset=\"https:\/\/www.speedefy.com\/wp-content\/uploads\/2021\/12\/K7-transparent-768x768.png 768w, https:\/\/www.speedefy.com\/wp-content\/uploads\/2021\/12\/K7-transparent-300x300.png 300w, https:\/\/www.speedefy.com\/wp-content\/uploads\/2021\/12\/K7-transparent-1024x1024.png 1024w, https:\/\/www.speedefy.com\/wp-content\/uploads\/2021\/12\/K7-transparent-150x150.png 150w, https:\/\/www.speedefy.com\/wp-content\/uploads\/2021\/12\/K7-transparent-1536x1536.png 1536w, https:\/\/www.speedefy.com\/wp-content\/uploads\/2021\/12\/K7-transparent-600x600.png 600w, https:\/\/www.speedefy.com\/wp-content\/uploads\/2021\/12\/K7-transparent-100x100.png 100w, https:\/\/www.speedefy.com\/wp-content\/uploads\/2021\/12\/K7-transparent-e1639382350197.png 800w\" sizes=\"(max-width: 768px) 100vw, 768px\" \/>\t\t\t\t\t\t\t\t\t\t\t\t\t\t\t<\/div>\n\t\t\t\t\t<\/div>\n\t\t<\/div>\n\t\t\t\t\t<\/div>\n\t\t<\/section>\n\t\t\t\t<section class=\"elementor-section elementor-top-section elementor-element elementor-element-572cde5 elementor-section-height-min-height elementor-section-boxed elementor-section-height-default elementor-section-items-middle\" data-id=\"572cde5\" data-element_type=\"section\" data-e-type=\"section\" data-settings=\"{&quot;background_background&quot;:&quot;classic&quot;}\">\n\t\t\t\t\t\t<div class=\"elementor-container elementor-column-gap-default\">\n\t\t\t\t\t<div class=\"elementor-column elementor-col-50 elementor-top-column elementor-element elementor-element-9543143\" data-id=\"9543143\" data-element_type=\"column\" data-e-type=\"column\">\n\t\t\t<div class=\"elementor-widget-wrap elementor-element-populated\">\n\t\t\t\t\t\t<div class=\"elementor-element elementor-element-13ceaf9 elementor-widget elementor-widget-heading\" data-id=\"13ceaf9\" data-element_type=\"widget\" data-e-type=\"widget\" data-widget_type=\"heading.default\">\n\t\t\t\t\t<h3 class=\"elementor-heading-title elementor-size-default\"><a href=\"https:\/\/www.speedefy.com\/pt-br\/speedefy-customer-service-suporte-tecnico-2\/\">Apoio<\/a><\/h3>\t\t\t\t<\/div>\n\t\t\t\t<div class=\"elementor-element elementor-element-834bcdc elementor-widget elementor-widget-image\" data-id=\"834bcdc\" data-element_type=\"widget\" data-e-type=\"widget\" data-widget_type=\"image.default\">\n\t\t\t\t\t\t\t\t\t\t\t\t\t\t\t\t<a href=\"https:\/\/www.speedefy.com\/pt-br\/speedefy-customer-service-suporte-tecnico-2\/\">\n\t\t\t\t\t\t\t<img decoding=\"async\" width=\"800\" height=\"663\" src=\"https:\/\/www.speedefy.com\/wp-content\/uploads\/2021\/12\/speedefy-customer-service-1024x849.png\" class=\"attachment-large size-large wp-image-2762\" alt=\"\" srcset=\"https:\/\/www.speedefy.com\/wp-content\/uploads\/2021\/12\/speedefy-customer-service-1024x849.png 1024w, https:\/\/www.speedefy.com\/wp-content\/uploads\/2021\/12\/speedefy-customer-service-e1638439773516-600x497.png 600w, https:\/\/www.speedefy.com\/wp-content\/uploads\/2021\/12\/speedefy-customer-service-300x249.png 300w, https:\/\/www.speedefy.com\/wp-content\/uploads\/2021\/12\/speedefy-customer-service-768x637.png 768w, https:\/\/www.speedefy.com\/wp-content\/uploads\/2021\/12\/speedefy-customer-service-1536x1274.png 1536w, https:\/\/www.speedefy.com\/wp-content\/uploads\/2021\/12\/speedefy-customer-service-2048x1698.png 2048w, https:\/\/www.speedefy.com\/wp-content\/uploads\/2021\/12\/speedefy-customer-service-e1638439773516.png 800w\" sizes=\"(max-width: 800px) 100vw, 800px\" \/>\t\t\t\t\t\t\t\t<\/a>\n\t\t\t\t\t\t\t\t\t\t\t\t\t\t\t<\/div>\n\t\t\t\t\t<\/div>\n\t\t<\/div>\n\t\t\t\t<div class=\"elementor-column elementor-col-50 elementor-top-column elementor-element elementor-element-f14bfa6\" data-id=\"f14bfa6\" data-element_type=\"column\" data-e-type=\"column\">\n\t\t\t<div class=\"elementor-widget-wrap elementor-element-populated\">\n\t\t\t\t\t\t<div class=\"elementor-element elementor-element-b1dfd4b elementor-widget elementor-widget-heading\" data-id=\"b1dfd4b\" data-element_type=\"widget\" data-e-type=\"widget\" data-widget_type=\"heading.default\">\n\t\t\t\t\t<h3 class=\"elementor-heading-title elementor-size-default\"><a href=\"https:\/\/support.speedefy.com\/en\/\">Comunidade de Perguntas e Respostas<\/a><\/h3>\t\t\t\t<\/div>\n\t\t\t\t<div class=\"elementor-element elementor-element-c2b3587 elementor-widget elementor-widget-image\" data-id=\"c2b3587\" data-element_type=\"widget\" data-e-type=\"widget\" data-widget_type=\"image.default\">\n\t\t\t\t\t\t\t\t\t\t\t\t\t\t\t\t<a href=\"https:\/\/support.speedefy.com\/en\/\">\n\t\t\t\t\t\t\t<img loading=\"lazy\" decoding=\"async\" width=\"800\" height=\"663\" src=\"https:\/\/www.speedefy.com\/wp-content\/uploads\/2021\/12\/speedefy-ask-and-answers-1024x849.png\" class=\"attachment-large size-large wp-image-2767\" alt=\"\" srcset=\"https:\/\/www.speedefy.com\/wp-content\/uploads\/2021\/12\/speedefy-ask-and-answers-1024x849.png 1024w, https:\/\/www.speedefy.com\/wp-content\/uploads\/2021\/12\/speedefy-ask-and-answers-e1638439804309-600x497.png 600w, https:\/\/www.speedefy.com\/wp-content\/uploads\/2021\/12\/speedefy-ask-and-answers-300x249.png 300w, https:\/\/www.speedefy.com\/wp-content\/uploads\/2021\/12\/speedefy-ask-and-answers-768x637.png 768w, https:\/\/www.speedefy.com\/wp-content\/uploads\/2021\/12\/speedefy-ask-and-answers-1536x1274.png 1536w, https:\/\/www.speedefy.com\/wp-content\/uploads\/2021\/12\/speedefy-ask-and-answers-2048x1698.png 2048w, https:\/\/www.speedefy.com\/wp-content\/uploads\/2021\/12\/speedefy-ask-and-answers-e1638439804309.png 800w\" sizes=\"(max-width: 800px) 100vw, 800px\" \/>\t\t\t\t\t\t\t\t<\/a>\n\t\t\t\t\t\t\t\t\t\t\t\t\t\t\t<\/div>\n\t\t\t\t\t<\/div>\n\t\t<\/div>\n\t\t\t\t\t<\/div>\n\t\t<\/section>\n\t\t\t\t<\/div>\n\t\t","protected":false},"excerpt":{"rendered":"<p>WiFi de \u00faltima gera\u00e7\u00e3o 6 AX1800 WiFi 6, sem fio extremamente r\u00e1pido Poderoso WiFi 6 para F\u00e9rias Roteador Speedefy KX450 AX1800 WiFi 6 Compre Agora Desempenho Ultra WiFi 7 Antenas, MU-MIMO e Dualband AC2100 Melhor atualiza\u00e7\u00e3o para jogos e Wi-Fi dom\u00e9stico Speedefy K7 AC2100 Roteador WiFi Inteligente Compre Agora Apoio Comunidade de Perguntas e Respostas<\/p>\n","protected":false},"author":1,"featured_media":2782,"parent":0,"menu_order":0,"comment_status":"closed","ping_status":"closed","template":"elementor_header_footer","meta":{"footnotes":""},"class_list":["post-4049","page","type-page","status-publish","has-post-thumbnail","hentry"],"yoast_head":"<!-- This site is optimized with the Yoast SEO plugin v27.5 - https:\/\/yoast.com\/product\/yoast-seo-wordpress\/ -->\n<title>Speedefy WiFi Router, Rede sem fio para casa | P\u00e1gina inicial<\/title>\n<meta name=\"description\" content=\"Roteadores WiFi dom\u00e9sticos de alto desempenho e roteadores WiFi 6, construam uma rede sem fio confi\u00e1vel, r\u00e1pida e segura para casa e jogos.\" \/>\n<meta name=\"robots\" content=\"index, follow, max-snippet:-1, max-image-preview:large, max-video-preview:-1\" \/>\n<link rel=\"canonical\" href=\"https:\/\/www.speedefy.com\/pt-br\/\" \/>\n<meta property=\"og:locale\" content=\"pt_BR\" \/>\n<meta property=\"og:type\" content=\"article\" \/>\n<meta property=\"og:title\" content=\"Speedefy WiFi Router, Rede sem fio para casa | P\u00e1gina inicial\" \/>\n<meta property=\"og:description\" content=\"Roteadores WiFi dom\u00e9sticos de alto desempenho e roteadores WiFi 6, construam uma rede sem fio confi\u00e1vel, r\u00e1pida e segura para casa e jogos.\" \/>\n<meta property=\"og:url\" content=\"https:\/\/www.speedefy.com\/pt-br\/\" \/>\n<meta property=\"og:site_name\" content=\"Speedefy WiFi Router\" \/>\n<meta property=\"article:modified_time\" content=\"2023-09-25T06:42:15+00:00\" \/>\n<meta property=\"og:image\" content=\"https:\/\/www.speedefy.com\/wp-content\/uploads\/2021\/12\/k7-ac2100-wifi-router.jpg\" \/>\n\t<meta property=\"og:image:width\" content=\"1600\" \/>\n\t<meta property=\"og:image:height\" content=\"1600\" \/>\n\t<meta property=\"og:image:type\" content=\"image\/jpeg\" \/>\n<meta name=\"twitter:card\" content=\"summary_large_image\" \/>\n<script type=\"application\/ld+json\" class=\"yoast-schema-graph\">{\"@context\":\"https:\\\/\\\/schema.org\",\"@graph\":[{\"@type\":\"WebPage\",\"@id\":\"https:\\\/\\\/www.speedefy.com\\\/pt-br\\\/\",\"url\":\"https:\\\/\\\/www.speedefy.com\\\/pt-br\\\/\",\"name\":\"Speedefy WiFi Router, Rede sem fio para casa | P\u00e1gina inicial\",\"isPartOf\":{\"@id\":\"https:\\\/\\\/www.speedefy.com\\\/pt-br\\\/#website\"},\"primaryImageOfPage\":{\"@id\":\"https:\\\/\\\/www.speedefy.com\\\/pt-br\\\/#primaryimage\"},\"image\":{\"@id\":\"https:\\\/\\\/www.speedefy.com\\\/pt-br\\\/#primaryimage\"},\"thumbnailUrl\":\"https:\\\/\\\/www.speedefy.com\\\/wp-content\\\/uploads\\\/2021\\\/12\\\/k7-ac2100-wifi-router.jpg\",\"datePublished\":\"2020-05-26T23:49:04+00:00\",\"dateModified\":\"2023-09-25T06:42:15+00:00\",\"description\":\"Roteadores WiFi dom\u00e9sticos de alto desempenho e roteadores WiFi 6, construam uma rede sem fio confi\u00e1vel, r\u00e1pida e segura para casa e jogos.\",\"breadcrumb\":{\"@id\":\"https:\\\/\\\/www.speedefy.com\\\/pt-br\\\/#breadcrumb\"},\"inLanguage\":\"pt-BR\",\"potentialAction\":[{\"@type\":\"ReadAction\",\"target\":[\"https:\\\/\\\/www.speedefy.com\\\/pt-br\\\/\"]}]},{\"@type\":\"ImageObject\",\"inLanguage\":\"pt-BR\",\"@id\":\"https:\\\/\\\/www.speedefy.com\\\/pt-br\\\/#primaryimage\",\"url\":\"https:\\\/\\\/www.speedefy.com\\\/wp-content\\\/uploads\\\/2021\\\/12\\\/k7-ac2100-wifi-router.jpg\",\"contentUrl\":\"https:\\\/\\\/www.speedefy.com\\\/wp-content\\\/uploads\\\/2021\\\/12\\\/k7-ac2100-wifi-router.jpg\",\"width\":1600,\"height\":1600},{\"@type\":\"BreadcrumbList\",\"@id\":\"https:\\\/\\\/www.speedefy.com\\\/pt-br\\\/#breadcrumb\",\"itemListElement\":[{\"@type\":\"ListItem\",\"position\":1,\"name\":\"Home\",\"item\":\"https:\\\/\\\/www.speedefy.com\\\/pt-br\\\/pagina-inicial-do-speedefy\\\/\"},{\"@type\":\"ListItem\",\"position\":2,\"name\":\"P\u00e1gina inicial do Speedefy\"}]},{\"@type\":\"WebSite\",\"@id\":\"https:\\\/\\\/www.speedefy.com\\\/pt-br\\\/#website\",\"url\":\"https:\\\/\\\/www.speedefy.com\\\/pt-br\\\/\",\"name\":\"Speedefy WiFi Router\",\"description\":\"The best wireless routers for fast internet\",\"publisher\":{\"@id\":\"https:\\\/\\\/www.speedefy.com\\\/pt-br\\\/#organization\"},\"potentialAction\":[{\"@type\":\"SearchAction\",\"target\":{\"@type\":\"EntryPoint\",\"urlTemplate\":\"https:\\\/\\\/www.speedefy.com\\\/pt-br\\\/?s={search_term_string}\"},\"query-input\":{\"@type\":\"PropertyValueSpecification\",\"valueRequired\":true,\"valueName\":\"search_term_string\"}}],\"inLanguage\":\"pt-BR\"},{\"@type\":\"Organization\",\"@id\":\"https:\\\/\\\/www.speedefy.com\\\/pt-br\\\/#organization\",\"name\":\"Speedefy\",\"url\":\"https:\\\/\\\/www.speedefy.com\\\/pt-br\\\/\",\"logo\":{\"@type\":\"ImageObject\",\"inLanguage\":\"pt-BR\",\"@id\":\"https:\\\/\\\/www.speedefy.com\\\/pt-br\\\/#\\\/schema\\\/logo\\\/image\\\/\",\"url\":\"https:\\\/\\\/www.speedefy.com\\\/wp-content\\\/uploads\\\/2021\\\/11\\\/cropped-speedefy_700-small-1-e1638182577555.png\",\"contentUrl\":\"https:\\\/\\\/www.speedefy.com\\\/wp-content\\\/uploads\\\/2021\\\/11\\\/cropped-speedefy_700-small-1-e1638182577555.png\",\"width\":200,\"height\":46,\"caption\":\"Speedefy\"},\"image\":{\"@id\":\"https:\\\/\\\/www.speedefy.com\\\/pt-br\\\/#\\\/schema\\\/logo\\\/image\\\/\"}}]}<\/script>\n<!-- \/ Yoast SEO plugin. -->","yoast_head_json":{"title":"Speedefy WiFi Router, Rede sem fio para casa | P\u00e1gina inicial","description":"Roteadores WiFi dom\u00e9sticos de alto desempenho e roteadores WiFi 6, construam uma rede sem fio confi\u00e1vel, r\u00e1pida e segura para casa e jogos.","robots":{"index":"index","follow":"follow","max-snippet":"max-snippet:-1","max-image-preview":"max-image-preview:large","max-video-preview":"max-video-preview:-1"},"canonical":"https:\/\/www.speedefy.com\/pt-br\/","og_locale":"pt_BR","og_type":"article","og_title":"Speedefy WiFi Router, Rede sem fio para casa | P\u00e1gina inicial","og_description":"Roteadores WiFi dom\u00e9sticos de alto desempenho e roteadores WiFi 6, construam uma rede sem fio confi\u00e1vel, r\u00e1pida e segura para casa e jogos.","og_url":"https:\/\/www.speedefy.com\/pt-br\/","og_site_name":"Speedefy WiFi Router","article_modified_time":"2023-09-25T06:42:15+00:00","og_image":[{"width":1600,"height":1600,"url":"https:\/\/www.speedefy.com\/wp-content\/uploads\/2021\/12\/k7-ac2100-wifi-router.jpg","type":"image\/jpeg"}],"twitter_card":"summary_large_image","schema":{"@context":"https:\/\/schema.org","@graph":[{"@type":"WebPage","@id":"https:\/\/www.speedefy.com\/pt-br\/","url":"https:\/\/www.speedefy.com\/pt-br\/","name":"Speedefy WiFi Router, Rede sem fio para casa | P\u00e1gina inicial","isPartOf":{"@id":"https:\/\/www.speedefy.com\/pt-br\/#website"},"primaryImageOfPage":{"@id":"https:\/\/www.speedefy.com\/pt-br\/#primaryimage"},"image":{"@id":"https:\/\/www.speedefy.com\/pt-br\/#primaryimage"},"thumbnailUrl":"https:\/\/www.speedefy.com\/wp-content\/uploads\/2021\/12\/k7-ac2100-wifi-router.jpg","datePublished":"2020-05-26T23:49:04+00:00","dateModified":"2023-09-25T06:42:15+00:00","description":"Roteadores WiFi dom\u00e9sticos de alto desempenho e roteadores WiFi 6, construam uma rede sem fio confi\u00e1vel, r\u00e1pida e segura para casa e jogos.","breadcrumb":{"@id":"https:\/\/www.speedefy.com\/pt-br\/#breadcrumb"},"inLanguage":"pt-BR","potentialAction":[{"@type":"ReadAction","target":["https:\/\/www.speedefy.com\/pt-br\/"]}]},{"@type":"ImageObject","inLanguage":"pt-BR","@id":"https:\/\/www.speedefy.com\/pt-br\/#primaryimage","url":"https:\/\/www.speedefy.com\/wp-content\/uploads\/2021\/12\/k7-ac2100-wifi-router.jpg","contentUrl":"https:\/\/www.speedefy.com\/wp-content\/uploads\/2021\/12\/k7-ac2100-wifi-router.jpg","width":1600,"height":1600},{"@type":"BreadcrumbList","@id":"https:\/\/www.speedefy.com\/pt-br\/#breadcrumb","itemListElement":[{"@type":"ListItem","position":1,"name":"Home","item":"https:\/\/www.speedefy.com\/pt-br\/pagina-inicial-do-speedefy\/"},{"@type":"ListItem","position":2,"name":"P\u00e1gina inicial do Speedefy"}]},{"@type":"WebSite","@id":"https:\/\/www.speedefy.com\/pt-br\/#website","url":"https:\/\/www.speedefy.com\/pt-br\/","name":"Speedefy WiFi Router","description":"The best wireless routers for fast internet","publisher":{"@id":"https:\/\/www.speedefy.com\/pt-br\/#organization"},"potentialAction":[{"@type":"SearchAction","target":{"@type":"EntryPoint","urlTemplate":"https:\/\/www.speedefy.com\/pt-br\/?s={search_term_string}"},"query-input":{"@type":"PropertyValueSpecification","valueRequired":true,"valueName":"search_term_string"}}],"inLanguage":"pt-BR"},{"@type":"Organization","@id":"https:\/\/www.speedefy.com\/pt-br\/#organization","name":"Speedefy","url":"https:\/\/www.speedefy.com\/pt-br\/","logo":{"@type":"ImageObject","inLanguage":"pt-BR","@id":"https:\/\/www.speedefy.com\/pt-br\/#\/schema\/logo\/image\/","url":"https:\/\/www.speedefy.com\/wp-content\/uploads\/2021\/11\/cropped-speedefy_700-small-1-e1638182577555.png","contentUrl":"https:\/\/www.speedefy.com\/wp-content\/uploads\/2021\/11\/cropped-speedefy_700-small-1-e1638182577555.png","width":200,"height":46,"caption":"Speedefy"},"image":{"@id":"https:\/\/www.speedefy.com\/pt-br\/#\/schema\/logo\/image\/"}}]}},"_links":{"self":[{"href":"https:\/\/www.speedefy.com\/pt-br\/wp-json\/wp\/v2\/pages\/4049","targetHints":{"allow":["GET"]}}],"collection":[{"href":"https:\/\/www.speedefy.com\/pt-br\/wp-json\/wp\/v2\/pages"}],"about":[{"href":"https:\/\/www.speedefy.com\/pt-br\/wp-json\/wp\/v2\/types\/page"}],"author":[{"embeddable":true,"href":"https:\/\/www.speedefy.com\/pt-br\/wp-json\/wp\/v2\/users\/1"}],"replies":[{"embeddable":true,"href":"https:\/\/www.speedefy.com\/pt-br\/wp-json\/wp\/v2\/comments?post=4049"}],"version-history":[{"count":1,"href":"https:\/\/www.speedefy.com\/pt-br\/wp-json\/wp\/v2\/pages\/4049\/revisions"}],"predecessor-version":[{"id":4052,"href":"https:\/\/www.speedefy.com\/pt-br\/wp-json\/wp\/v2\/pages\/4049\/revisions\/4052"}],"wp:featuredmedia":[{"embeddable":true,"href":"https:\/\/www.speedefy.com\/pt-br\/wp-json\/wp\/v2\/media\/2782"}],"wp:attachment":[{"href":"https:\/\/www.speedefy.com\/pt-br\/wp-json\/wp\/v2\/media?parent=4049"}],"curies":[{"name":"wp","href":"https:\/\/api.w.org\/{rel}","templated":true}]}}