{"id":3988,"date":"2021-03-11T09:54:45","date_gmt":"2021-03-11T01:54:45","guid":{"rendered":"https:\/\/www.speedefy.com\/guia-de-video-de-configuracao-rapida-speedefy-k4-ac1200-smart-wifi-router\/"},"modified":"2023-09-25T14:41:59","modified_gmt":"2023-09-25T06:41:59","slug":"guia-de-video-de-configuracao-rapida-speedefy-k4-ac1200-smart-wifi-router","status":"publish","type":"page","link":"https:\/\/www.speedefy.com\/pt-br\/guia-de-video-de-configuracao-rapida-speedefy-k4-ac1200-smart-wifi-router\/","title":{"rendered":"Guia de v\u00eddeo de configura\u00e7\u00e3o r\u00e1pida &#8211; Speedefy K4 AC1200 Smart WiFi Router"},"content":{"rendered":"\t\t<div data-elementor-type=\"wp-page\" data-elementor-id=\"3988\" class=\"elementor elementor-3988 elementor-346\" data-elementor-post-type=\"page\">\n\t\t\t\t\t\t<section class=\"elementor-section elementor-top-section elementor-element elementor-element-d01d233 elementor-section-full_width elementor-section-height-default elementor-section-height-default\" data-id=\"d01d233\" data-element_type=\"section\" data-e-type=\"section\" data-settings=\"{&quot;background_background&quot;:&quot;classic&quot;}\">\n\t\t\t\t\t\t<div class=\"elementor-container elementor-column-gap-default\">\n\t\t\t\t\t<div class=\"elementor-column elementor-col-100 elementor-top-column elementor-element elementor-element-229379b2\" data-id=\"229379b2\" data-element_type=\"column\" data-e-type=\"column\">\n\t\t\t<div class=\"elementor-widget-wrap elementor-element-populated\">\n\t\t\t\t\t\t<div class=\"elementor-element elementor-element-2ce171f elementor-widget elementor-widget-heading\" data-id=\"2ce171f\" data-element_type=\"widget\" data-e-type=\"widget\" data-widget_type=\"heading.default\">\n\t\t\t\t\t<h1 class=\"elementor-heading-title elementor-size-default\">Guia de configura\u00e7\u00e3o para Speedefy K4 AC1200 WiFi Router<\/h1>\t\t\t\t<\/div>\n\t\t\t\t\t<\/div>\n\t\t<\/div>\n\t\t\t\t\t<\/div>\n\t\t<\/section>\n\t\t\t\t<section class=\"elementor-section elementor-top-section elementor-element elementor-element-6468406 elementor-section-boxed elementor-section-height-default elementor-section-height-default\" data-id=\"6468406\" data-element_type=\"section\" data-e-type=\"section\">\n\t\t\t\t\t\t<div class=\"elementor-container elementor-column-gap-default\">\n\t\t\t\t\t<div class=\"elementor-column elementor-col-100 elementor-top-column elementor-element elementor-element-86d0c06\" data-id=\"86d0c06\" data-element_type=\"column\" data-e-type=\"column\">\n\t\t\t<div class=\"elementor-widget-wrap elementor-element-populated\">\n\t\t\t\t\t\t<div class=\"elementor-element elementor-element-f2851d1 elementor-widget elementor-widget-text-editor\" data-id=\"f2851d1\" data-element_type=\"widget\" data-e-type=\"widget\" data-widget_type=\"text-editor.default\">\n\t\t\t\t\t\t\t\t\t<h4><strong>Configure seu roteador sem fio Speedefy em minutos<\/strong><\/h4>\n<ul>\n<li>Neste v\u00eddeo, vamos demonstrar como configurar um roteador WiFi Speedefy K4.<\/li>\n<li>Se voc\u00ea tiver um problema com a visualiza\u00e7\u00e3o do v\u00eddeo, <a href=\"https:\/\/support.speedefy.com\/en\/articles\/4974369-how-to-set-up-a-speedefy-wifi-router\">clique aqui<\/a> voc\u00ea pode ler um guia passo-a-passo.<\/li>\n<\/ul>\t\t\t\t\t\t\t\t<\/div>\n\t\t\t\t\t<\/div>\n\t\t<\/div>\n\t\t\t\t\t<\/div>\n\t\t<\/section>\n\t\t\t\t<section class=\"elementor-section elementor-top-section elementor-element elementor-element-1a989da elementor-section-boxed elementor-section-height-default elementor-section-height-default\" data-id=\"1a989da\" data-element_type=\"section\" data-e-type=\"section\">\n\t\t\t\t\t\t<div class=\"elementor-container elementor-column-gap-default\">\n\t\t\t\t\t<div class=\"elementor-column elementor-col-100 elementor-top-column elementor-element elementor-element-6f55b90\" data-id=\"6f55b90\" data-element_type=\"column\" data-e-type=\"column\">\n\t\t\t<div class=\"elementor-widget-wrap elementor-element-populated\">\n\t\t\t\t\t\t<div class=\"elementor-element elementor-element-7902a41 elementor-widget elementor-widget-video\" data-id=\"7902a41\" data-element_type=\"widget\" data-e-type=\"widget\" data-settings=\"{&quot;youtube_url&quot;:&quot;https:\\\/\\\/www.youtube.com\\\/watch?v=n455bX0jgfs&quot;,&quot;video_type&quot;:&quot;youtube&quot;,&quot;controls&quot;:&quot;yes&quot;}\" data-widget_type=\"video.default\">\n\t\t\t\t\t\t\t<div class=\"elementor-wrapper elementor-open-inline\">\n\t\t\t<div class=\"elementor-video\"><\/div>\t\t<\/div>\n\t\t\t\t\t\t<\/div>\n\t\t\t\t\t<\/div>\n\t\t<\/div>\n\t\t\t\t\t<\/div>\n\t\t<\/section>\n\t\t\t\t<section class=\"elementor-section elementor-top-section elementor-element elementor-element-ac23117 elementor-section-boxed elementor-section-height-default elementor-section-height-default\" data-id=\"ac23117\" data-element_type=\"section\" data-e-type=\"section\">\n\t\t\t\t\t\t<div class=\"elementor-container elementor-column-gap-default\">\n\t\t\t\t\t<div class=\"elementor-column elementor-col-100 elementor-top-column elementor-element elementor-element-b20c0da\" data-id=\"b20c0da\" data-element_type=\"column\" data-e-type=\"column\">\n\t\t\t<div class=\"elementor-widget-wrap elementor-element-populated\">\n\t\t\t\t\t\t<div class=\"elementor-element elementor-element-9809d50 elementor-widget-divider--view-line elementor-widget elementor-widget-divider\" data-id=\"9809d50\" data-element_type=\"widget\" data-e-type=\"widget\" data-widget_type=\"divider.default\">\n\t\t\t\t\t\t\t<div class=\"elementor-divider\">\n\t\t\t<span class=\"elementor-divider-separator\">\n\t\t\t\t\t\t<\/span>\n\t\t<\/div>\n\t\t\t\t\t\t<\/div>\n\t\t\t\t\t<\/div>\n\t\t<\/div>\n\t\t\t\t\t<\/div>\n\t\t<\/section>\n\t\t\t\t<section class=\"elementor-section elementor-top-section elementor-element elementor-element-091cedd elementor-section-boxed elementor-section-height-default elementor-section-height-default\" data-id=\"091cedd\" data-element_type=\"section\" data-e-type=\"section\">\n\t\t\t\t\t\t<div class=\"elementor-container elementor-column-gap-default\">\n\t\t\t\t\t<div class=\"elementor-column elementor-col-100 elementor-top-column elementor-element elementor-element-badb011\" data-id=\"badb011\" data-element_type=\"column\" data-e-type=\"column\">\n\t\t\t<div class=\"elementor-widget-wrap elementor-element-populated\">\n\t\t\t\t\t\t<div class=\"elementor-element elementor-element-a4bbd8f elementor-widget elementor-widget-heading\" data-id=\"a4bbd8f\" data-element_type=\"widget\" data-e-type=\"widget\" data-widget_type=\"heading.default\">\n\t\t\t\t\t<h2 class=\"elementor-heading-title elementor-size-default\">Conecte-se com nosso suporte t\u00e9cnico<\/h2>\t\t\t\t<\/div>\n\t\t\t\t\t<\/div>\n\t\t<\/div>\n\t\t\t\t\t<\/div>\n\t\t<\/section>\n\t\t\t\t<section class=\"elementor-section elementor-top-section elementor-element elementor-element-3c3d9a65 elementor-section-boxed elementor-section-height-default elementor-section-height-default\" data-id=\"3c3d9a65\" data-element_type=\"section\" data-e-type=\"section\">\n\t\t\t\t\t\t<div class=\"elementor-container elementor-column-gap-default\">\n\t\t\t\t\t<div class=\"elementor-column elementor-col-33 elementor-top-column elementor-element elementor-element-6590d8a2\" data-id=\"6590d8a2\" data-element_type=\"column\" data-e-type=\"column\">\n\t\t\t<div class=\"elementor-widget-wrap elementor-element-populated\">\n\t\t\t\t\t\t<div class=\"elementor-element elementor-element-a046e03 elementor-view-stacked elementor-shape-circle elementor-widget elementor-widget-icon\" data-id=\"a046e03\" data-element_type=\"widget\" data-e-type=\"widget\" data-widget_type=\"icon.default\">\n\t\t\t\t\t\t\t<div class=\"elementor-icon-wrapper\">\n\t\t\t<a class=\"elementor-icon\" href=\"https:\/\/calendly.com\/speedefy\/customer-support\">\n\t\t\t<svg aria-hidden=\"true\" class=\"e-font-icon-svg e-far-calendar-alt\" viewBox=\"0 0 448 512\" xmlns=\"http:\/\/www.w3.org\/2000\/svg\"><path d=\"M148 288h-40c-6.6 0-12-5.4-12-12v-40c0-6.6 5.4-12 12-12h40c6.6 0 12 5.4 12 12v40c0 6.6-5.4 12-12 12zm108-12v-40c0-6.6-5.4-12-12-12h-40c-6.6 0-12 5.4-12 12v40c0 6.6 5.4 12 12 12h40c6.6 0 12-5.4 12-12zm96 0v-40c0-6.6-5.4-12-12-12h-40c-6.6 0-12 5.4-12 12v40c0 6.6 5.4 12 12 12h40c6.6 0 12-5.4 12-12zm-96 96v-40c0-6.6-5.4-12-12-12h-40c-6.6 0-12 5.4-12 12v40c0 6.6 5.4 12 12 12h40c6.6 0 12-5.4 12-12zm-96 0v-40c0-6.6-5.4-12-12-12h-40c-6.6 0-12 5.4-12 12v40c0 6.6 5.4 12 12 12h40c6.6 0 12-5.4 12-12zm192 0v-40c0-6.6-5.4-12-12-12h-40c-6.6 0-12 5.4-12 12v40c0 6.6 5.4 12 12 12h40c6.6 0 12-5.4 12-12zm96-260v352c0 26.5-21.5 48-48 48H48c-26.5 0-48-21.5-48-48V112c0-26.5 21.5-48 48-48h48V12c0-6.6 5.4-12 12-12h40c6.6 0 12 5.4 12 12v52h128V12c0-6.6 5.4-12 12-12h40c6.6 0 12 5.4 12 12v52h48c26.5 0 48 21.5 48 48zm-48 346V160H48v298c0 3.3 2.7 6 6 6h340c3.3 0 6-2.7 6-6z\"><\/path><\/svg>\t\t\t<\/a>\n\t\t<\/div>\n\t\t\t\t\t\t<\/div>\n\t\t\t\t<div class=\"elementor-element elementor-element-580f1300 elementor-widget elementor-widget-heading\" data-id=\"580f1300\" data-element_type=\"widget\" data-e-type=\"widget\" data-widget_type=\"heading.default\">\n\t\t\t\t\t<h3 class=\"elementor-heading-title elementor-size-large\"><a href=\"https:\/\/calendly.com\/speedefy\/customer-support\">Agende uma Chamada<\/a><\/h3>\t\t\t\t<\/div>\n\t\t\t\t\t<\/div>\n\t\t<\/div>\n\t\t\t\t<div class=\"elementor-column elementor-col-33 elementor-top-column elementor-element elementor-element-476baa64\" data-id=\"476baa64\" data-element_type=\"column\" data-e-type=\"column\">\n\t\t\t<div class=\"elementor-widget-wrap elementor-element-populated\">\n\t\t\t\t\t\t<div class=\"elementor-element elementor-element-2c27876 elementor-view-stacked elementor-shape-circle elementor-widget elementor-widget-icon\" data-id=\"2c27876\" data-element_type=\"widget\" data-e-type=\"widget\" data-widget_type=\"icon.default\">\n\t\t\t\t\t\t\t<div class=\"elementor-icon-wrapper\">\n\t\t\t<a class=\"elementor-icon\" href=\"https:\/\/www.speedefy.com\/help\/open-a-ticket\/\">\n\t\t\t<svg aria-hidden=\"true\" class=\"e-font-icon-svg e-fab-intercom\" viewBox=\"0 0 448 512\" xmlns=\"http:\/\/www.w3.org\/2000\/svg\"><path d=\"M392 32H56C25.1 32 0 57.1 0 88v336c0 30.9 25.1 56 56 56h336c30.9 0 56-25.1 56-56V88c0-30.9-25.1-56-56-56zm-108.3 82.1c0-19.8 29.9-19.8 29.9 0v199.5c0 19.8-29.9 19.8-29.9 0V114.1zm-74.6-7.5c0-19.8 29.9-19.8 29.9 0v216.5c0 19.8-29.9 19.8-29.9 0V106.6zm-74.7 7.5c0-19.8 29.9-19.8 29.9 0v199.5c0 19.8-29.9 19.8-29.9 0V114.1zM59.7 144c0-19.8 29.9-19.8 29.9 0v134.3c0 19.8-29.9 19.8-29.9 0V144zm323.4 227.8c-72.8 63-241.7 65.4-318.1 0-15-12.8 4.4-35.5 19.4-22.7 65.9 55.3 216.1 53.9 279.3 0 14.9-12.9 34.3 9.8 19.4 22.7zm5.2-93.5c0 19.8-29.9 19.8-29.9 0V144c0-19.8 29.9-19.8 29.9 0v134.3z\"><\/path><\/svg>\t\t\t<\/a>\n\t\t<\/div>\n\t\t\t\t\t\t<\/div>\n\t\t\t\t<div class=\"elementor-element elementor-element-8e121db elementor-widget elementor-widget-heading\" data-id=\"8e121db\" data-element_type=\"widget\" data-e-type=\"widget\" data-widget_type=\"heading.default\">\n\t\t\t\t\t<h3 class=\"elementor-heading-title elementor-size-large\"><a href=\"https:\/\/www.speedefy.com\/help\/open-a-ticket\/\">Abrir um Ticket<\/a><\/h3>\t\t\t\t<\/div>\n\t\t\t\t\t<\/div>\n\t\t<\/div>\n\t\t\t\t<div class=\"elementor-column elementor-col-33 elementor-top-column elementor-element elementor-element-6294456c\" data-id=\"6294456c\" data-element_type=\"column\" data-e-type=\"column\">\n\t\t\t<div class=\"elementor-widget-wrap elementor-element-populated\">\n\t\t\t\t\t\t<div class=\"elementor-element elementor-element-19c756e7 elementor-view-stacked elementor-shape-circle elementor-widget elementor-widget-icon\" data-id=\"19c756e7\" data-element_type=\"widget\" data-e-type=\"widget\" data-widget_type=\"icon.default\">\n\t\t\t\t\t\t\t<div class=\"elementor-icon-wrapper\">\n\t\t\t<a class=\"elementor-icon\" href=\"mailto:cs@speedefy.com\">\n\t\t\t<svg aria-hidden=\"true\" class=\"e-font-icon-svg e-fas-mail-bulk\" viewBox=\"0 0 576 512\" xmlns=\"http:\/\/www.w3.org\/2000\/svg\"><path d=\"M160 448c-25.6 0-51.2-22.4-64-32-64-44.8-83.2-60.8-96-70.4V480c0 17.67 14.33 32 32 32h256c17.67 0 32-14.33 32-32V345.6c-12.8 9.6-32 25.6-96 70.4-12.8 9.6-38.4 32-64 32zm128-192H32c-17.67 0-32 14.33-32 32v16c25.6 19.2 22.4 19.2 115.2 86.4 9.6 6.4 28.8 25.6 44.8 25.6s35.2-19.2 44.8-22.4c92.8-67.2 89.6-67.2 115.2-86.4V288c0-17.67-14.33-32-32-32zm256-96H224c-17.67 0-32 14.33-32 32v32h96c33.21 0 60.59 25.42 63.71 57.82l.29-.22V416h192c17.67 0 32-14.33 32-32V192c0-17.67-14.33-32-32-32zm-32 128h-64v-64h64v64zm-352-96c0-35.29 28.71-64 64-64h224V32c0-17.67-14.33-32-32-32H96C78.33 0 64 14.33 64 32v192h96v-32z\"><\/path><\/svg>\t\t\t<\/a>\n\t\t<\/div>\n\t\t\t\t\t\t<\/div>\n\t\t\t\t<div class=\"elementor-element elementor-element-6ca5cb2 elementor-widget elementor-widget-heading\" data-id=\"6ca5cb2\" data-element_type=\"widget\" data-e-type=\"widget\" data-widget_type=\"heading.default\">\n\t\t\t\t\t<h3 class=\"elementor-heading-title elementor-size-large\"><a href=\"mailto:cs@speedefy.com\">Enviar um e-mail<\/a><\/h3>\t\t\t\t<\/div>\n\t\t\t\t\t<\/div>\n\t\t<\/div>\n\t\t\t\t\t<\/div>\n\t\t<\/section>\n\t\t\t\t<\/div>\n\t\t","protected":false},"excerpt":{"rendered":"<p>Guia de configura\u00e7\u00e3o para Speedefy K4 AC1200 WiFi Router Configure seu roteador sem fio Speedefy em minutos Neste v\u00eddeo, vamos demonstrar como configurar um roteador WiFi Speedefy K4. Se voc\u00ea tiver um problema com a visualiza\u00e7\u00e3o do v\u00eddeo, clique aqui voc\u00ea pode ler um guia passo-a-passo. https:\/\/www.youtube.com\/watch?v=n455bX0jgfs Conecte-se com nosso suporte t\u00e9cnico Agende uma Chamada [&hellip;]<\/p>\n","protected":false},"author":1,"featured_media":0,"parent":0,"menu_order":0,"comment_status":"closed","ping_status":"closed","template":"","meta":{"footnotes":""},"class_list":["post-3988","page","type-page","status-publish","hentry"],"yoast_head":"<!-- This site is optimized with the Yoast SEO plugin v27.4 - https:\/\/yoast.com\/product\/yoast-seo-wordpress\/ -->\n<title>Guia de configura\u00e7\u00e3o para Speedefy K4 AC1200 WiFi Router | Speedefy<\/title>\n<meta name=\"description\" content=\"Consulte o Guia de configura\u00e7\u00e3o do roteador Speedefy K4 AC1200 WiFi ou entre em contato com o suporte ao cliente do Speedefy para obter mais ajuda\" \/>\n<meta name=\"robots\" content=\"index, follow, max-snippet:-1, max-image-preview:large, max-video-preview:-1\" \/>\n<link rel=\"canonical\" href=\"https:\/\/www.speedefy.com\/pt-br\/guia-de-video-de-configuracao-rapida-speedefy-k4-ac1200-smart-wifi-router\/\" \/>\n<meta property=\"og:locale\" content=\"pt_BR\" \/>\n<meta property=\"og:type\" content=\"article\" \/>\n<meta property=\"og:title\" content=\"Guia de configura\u00e7\u00e3o para Speedefy K4 AC1200 WiFi Router | Speedefy\" \/>\n<meta property=\"og:description\" content=\"Consulte o Guia de configura\u00e7\u00e3o do roteador Speedefy K4 AC1200 WiFi ou entre em contato com o suporte ao cliente do Speedefy para obter mais ajuda\" \/>\n<meta property=\"og:url\" content=\"https:\/\/www.speedefy.com\/pt-br\/guia-de-video-de-configuracao-rapida-speedefy-k4-ac1200-smart-wifi-router\/\" \/>\n<meta property=\"og:site_name\" content=\"Speedefy WiFi Router\" \/>\n<meta property=\"article:modified_time\" content=\"2023-09-25T06:41:59+00:00\" \/>\n<meta name=\"twitter:card\" content=\"summary_large_image\" \/>\n<script type=\"application\/ld+json\" class=\"yoast-schema-graph\">{\"@context\":\"https:\\\/\\\/schema.org\",\"@graph\":[{\"@type\":\"WebPage\",\"@id\":\"https:\\\/\\\/www.speedefy.com\\\/pt-br\\\/guia-de-video-de-configuracao-rapida-speedefy-k4-ac1200-smart-wifi-router\\\/\",\"url\":\"https:\\\/\\\/www.speedefy.com\\\/pt-br\\\/guia-de-video-de-configuracao-rapida-speedefy-k4-ac1200-smart-wifi-router\\\/\",\"name\":\"Guia de configura\u00e7\u00e3o para Speedefy K4 AC1200 WiFi Router | Speedefy\",\"isPartOf\":{\"@id\":\"https:\\\/\\\/www.speedefy.com\\\/pt-br\\\/#website\"},\"datePublished\":\"2021-03-11T01:54:45+00:00\",\"dateModified\":\"2023-09-25T06:41:59+00:00\",\"description\":\"Consulte o Guia de configura\u00e7\u00e3o do roteador Speedefy K4 AC1200 WiFi ou entre em contato com o suporte ao cliente do Speedefy para obter mais ajuda\",\"breadcrumb\":{\"@id\":\"https:\\\/\\\/www.speedefy.com\\\/pt-br\\\/guia-de-video-de-configuracao-rapida-speedefy-k4-ac1200-smart-wifi-router\\\/#breadcrumb\"},\"inLanguage\":\"pt-BR\",\"potentialAction\":[{\"@type\":\"ReadAction\",\"target\":[\"https:\\\/\\\/www.speedefy.com\\\/pt-br\\\/guia-de-video-de-configuracao-rapida-speedefy-k4-ac1200-smart-wifi-router\\\/\"]}]},{\"@type\":\"BreadcrumbList\",\"@id\":\"https:\\\/\\\/www.speedefy.com\\\/pt-br\\\/guia-de-video-de-configuracao-rapida-speedefy-k4-ac1200-smart-wifi-router\\\/#breadcrumb\",\"itemListElement\":[{\"@type\":\"ListItem\",\"position\":1,\"name\":\"Home\",\"item\":\"https:\\\/\\\/www.speedefy.com\\\/pt-br\\\/pagina-inicial-do-speedefy\\\/\"},{\"@type\":\"ListItem\",\"position\":2,\"name\":\"Guia de v\u00eddeo de configura\u00e7\u00e3o r\u00e1pida &#8211; Speedefy K4 AC1200 Smart WiFi Router\"}]},{\"@type\":\"WebSite\",\"@id\":\"https:\\\/\\\/www.speedefy.com\\\/pt-br\\\/#website\",\"url\":\"https:\\\/\\\/www.speedefy.com\\\/pt-br\\\/\",\"name\":\"Speedefy WiFi Router\",\"description\":\"The best wireless routers for fast internet\",\"publisher\":{\"@id\":\"https:\\\/\\\/www.speedefy.com\\\/pt-br\\\/#organization\"},\"potentialAction\":[{\"@type\":\"SearchAction\",\"target\":{\"@type\":\"EntryPoint\",\"urlTemplate\":\"https:\\\/\\\/www.speedefy.com\\\/pt-br\\\/?s={search_term_string}\"},\"query-input\":{\"@type\":\"PropertyValueSpecification\",\"valueRequired\":true,\"valueName\":\"search_term_string\"}}],\"inLanguage\":\"pt-BR\"},{\"@type\":\"Organization\",\"@id\":\"https:\\\/\\\/www.speedefy.com\\\/pt-br\\\/#organization\",\"name\":\"Speedefy\",\"url\":\"https:\\\/\\\/www.speedefy.com\\\/pt-br\\\/\",\"logo\":{\"@type\":\"ImageObject\",\"inLanguage\":\"pt-BR\",\"@id\":\"https:\\\/\\\/www.speedefy.com\\\/pt-br\\\/#\\\/schema\\\/logo\\\/image\\\/\",\"url\":\"https:\\\/\\\/www.speedefy.com\\\/wp-content\\\/uploads\\\/2021\\\/11\\\/cropped-speedefy_700-small-1-e1638182577555.png\",\"contentUrl\":\"https:\\\/\\\/www.speedefy.com\\\/wp-content\\\/uploads\\\/2021\\\/11\\\/cropped-speedefy_700-small-1-e1638182577555.png\",\"width\":200,\"height\":46,\"caption\":\"Speedefy\"},\"image\":{\"@id\":\"https:\\\/\\\/www.speedefy.com\\\/pt-br\\\/#\\\/schema\\\/logo\\\/image\\\/\"}}]}<\/script>\n<!-- \/ Yoast SEO plugin. -->","yoast_head_json":{"title":"Guia de configura\u00e7\u00e3o para Speedefy K4 AC1200 WiFi Router | Speedefy","description":"Consulte o Guia de configura\u00e7\u00e3o do roteador Speedefy K4 AC1200 WiFi ou entre em contato com o suporte ao cliente do Speedefy para obter mais ajuda","robots":{"index":"index","follow":"follow","max-snippet":"max-snippet:-1","max-image-preview":"max-image-preview:large","max-video-preview":"max-video-preview:-1"},"canonical":"https:\/\/www.speedefy.com\/pt-br\/guia-de-video-de-configuracao-rapida-speedefy-k4-ac1200-smart-wifi-router\/","og_locale":"pt_BR","og_type":"article","og_title":"Guia de configura\u00e7\u00e3o para Speedefy K4 AC1200 WiFi Router | Speedefy","og_description":"Consulte o Guia de configura\u00e7\u00e3o do roteador Speedefy K4 AC1200 WiFi ou entre em contato com o suporte ao cliente do Speedefy para obter mais ajuda","og_url":"https:\/\/www.speedefy.com\/pt-br\/guia-de-video-de-configuracao-rapida-speedefy-k4-ac1200-smart-wifi-router\/","og_site_name":"Speedefy WiFi Router","article_modified_time":"2023-09-25T06:41:59+00:00","twitter_card":"summary_large_image","schema":{"@context":"https:\/\/schema.org","@graph":[{"@type":"WebPage","@id":"https:\/\/www.speedefy.com\/pt-br\/guia-de-video-de-configuracao-rapida-speedefy-k4-ac1200-smart-wifi-router\/","url":"https:\/\/www.speedefy.com\/pt-br\/guia-de-video-de-configuracao-rapida-speedefy-k4-ac1200-smart-wifi-router\/","name":"Guia de configura\u00e7\u00e3o para Speedefy K4 AC1200 WiFi Router | Speedefy","isPartOf":{"@id":"https:\/\/www.speedefy.com\/pt-br\/#website"},"datePublished":"2021-03-11T01:54:45+00:00","dateModified":"2023-09-25T06:41:59+00:00","description":"Consulte o Guia de configura\u00e7\u00e3o do roteador Speedefy K4 AC1200 WiFi ou entre em contato com o suporte ao cliente do Speedefy para obter mais ajuda","breadcrumb":{"@id":"https:\/\/www.speedefy.com\/pt-br\/guia-de-video-de-configuracao-rapida-speedefy-k4-ac1200-smart-wifi-router\/#breadcrumb"},"inLanguage":"pt-BR","potentialAction":[{"@type":"ReadAction","target":["https:\/\/www.speedefy.com\/pt-br\/guia-de-video-de-configuracao-rapida-speedefy-k4-ac1200-smart-wifi-router\/"]}]},{"@type":"BreadcrumbList","@id":"https:\/\/www.speedefy.com\/pt-br\/guia-de-video-de-configuracao-rapida-speedefy-k4-ac1200-smart-wifi-router\/#breadcrumb","itemListElement":[{"@type":"ListItem","position":1,"name":"Home","item":"https:\/\/www.speedefy.com\/pt-br\/pagina-inicial-do-speedefy\/"},{"@type":"ListItem","position":2,"name":"Guia de v\u00eddeo de configura\u00e7\u00e3o r\u00e1pida &#8211; Speedefy K4 AC1200 Smart WiFi Router"}]},{"@type":"WebSite","@id":"https:\/\/www.speedefy.com\/pt-br\/#website","url":"https:\/\/www.speedefy.com\/pt-br\/","name":"Speedefy WiFi Router","description":"The best wireless routers for fast internet","publisher":{"@id":"https:\/\/www.speedefy.com\/pt-br\/#organization"},"potentialAction":[{"@type":"SearchAction","target":{"@type":"EntryPoint","urlTemplate":"https:\/\/www.speedefy.com\/pt-br\/?s={search_term_string}"},"query-input":{"@type":"PropertyValueSpecification","valueRequired":true,"valueName":"search_term_string"}}],"inLanguage":"pt-BR"},{"@type":"Organization","@id":"https:\/\/www.speedefy.com\/pt-br\/#organization","name":"Speedefy","url":"https:\/\/www.speedefy.com\/pt-br\/","logo":{"@type":"ImageObject","inLanguage":"pt-BR","@id":"https:\/\/www.speedefy.com\/pt-br\/#\/schema\/logo\/image\/","url":"https:\/\/www.speedefy.com\/wp-content\/uploads\/2021\/11\/cropped-speedefy_700-small-1-e1638182577555.png","contentUrl":"https:\/\/www.speedefy.com\/wp-content\/uploads\/2021\/11\/cropped-speedefy_700-small-1-e1638182577555.png","width":200,"height":46,"caption":"Speedefy"},"image":{"@id":"https:\/\/www.speedefy.com\/pt-br\/#\/schema\/logo\/image\/"}}]}},"_links":{"self":[{"href":"https:\/\/www.speedefy.com\/pt-br\/wp-json\/wp\/v2\/pages\/3988","targetHints":{"allow":["GET"]}}],"collection":[{"href":"https:\/\/www.speedefy.com\/pt-br\/wp-json\/wp\/v2\/pages"}],"about":[{"href":"https:\/\/www.speedefy.com\/pt-br\/wp-json\/wp\/v2\/types\/page"}],"author":[{"embeddable":true,"href":"https:\/\/www.speedefy.com\/pt-br\/wp-json\/wp\/v2\/users\/1"}],"replies":[{"embeddable":true,"href":"https:\/\/www.speedefy.com\/pt-br\/wp-json\/wp\/v2\/comments?post=3988"}],"version-history":[{"count":1,"href":"https:\/\/www.speedefy.com\/pt-br\/wp-json\/wp\/v2\/pages\/3988\/revisions"}],"predecessor-version":[{"id":3993,"href":"https:\/\/www.speedefy.com\/pt-br\/wp-json\/wp\/v2\/pages\/3988\/revisions\/3993"}],"wp:attachment":[{"href":"https:\/\/www.speedefy.com\/pt-br\/wp-json\/wp\/v2\/media?parent=3988"}],"curies":[{"name":"wp","href":"https:\/\/api.w.org\/{rel}","templated":true}]}}