{"id":3979,"date":"2020-07-29T10:50:52","date_gmt":"2020-07-29T02:50:52","guid":{"rendered":"https:\/\/www.speedefy.com\/guia-de-video-de-configuracao-rapida-speedefy-k7-wifi-router\/"},"modified":"2023-09-25T14:41:59","modified_gmt":"2023-09-25T06:41:59","slug":"guia-de-video-de-configuracao-rapida-speedefy-k7-wifi-router","status":"publish","type":"page","link":"https:\/\/www.speedefy.com\/pt-br\/guia-de-video-de-configuracao-rapida-speedefy-k7-wifi-router\/","title":{"rendered":"Guia de V\u00eddeo de Configura\u00e7\u00e3o R\u00e1pida &#8211; Speedefy K7 WiFi Router"},"content":{"rendered":"\t\t<div data-elementor-type=\"wp-page\" data-elementor-id=\"3979\" class=\"elementor elementor-3979 elementor-176\" data-elementor-post-type=\"page\">\n\t\t\t\t\t\t<section class=\"elementor-section elementor-top-section elementor-element elementor-element-29dabcc1 elementor-section-full_width elementor-section-height-default elementor-section-height-default\" data-id=\"29dabcc1\" data-element_type=\"section\" data-e-type=\"section\" data-settings=\"{&quot;background_background&quot;:&quot;classic&quot;}\">\n\t\t\t\t\t\t<div class=\"elementor-container elementor-column-gap-default\">\n\t\t\t\t\t<div class=\"elementor-column elementor-col-100 elementor-top-column elementor-element elementor-element-1a233060\" data-id=\"1a233060\" data-element_type=\"column\" data-e-type=\"column\">\n\t\t\t<div class=\"elementor-widget-wrap elementor-element-populated\">\n\t\t\t\t\t\t<div class=\"elementor-element elementor-element-6f3fd26d elementor-widget elementor-widget-heading\" data-id=\"6f3fd26d\" data-element_type=\"widget\" data-e-type=\"widget\" data-widget_type=\"heading.default\">\n\t\t\t\t\t<h1 class=\"elementor-heading-title elementor-size-default\">Guia de configura\u00e7\u00e3o para Speedefy K7\/K7W AC2100 WiFi Router<\/h1>\t\t\t\t<\/div>\n\t\t\t\t\t<\/div>\n\t\t<\/div>\n\t\t\t\t\t<\/div>\n\t\t<\/section>\n\t\t\t\t<section class=\"elementor-section elementor-top-section elementor-element elementor-element-f3f9967 elementor-section-boxed elementor-section-height-default elementor-section-height-default\" data-id=\"f3f9967\" data-element_type=\"section\" data-e-type=\"section\">\n\t\t\t\t\t\t<div class=\"elementor-container elementor-column-gap-default\">\n\t\t\t\t\t<div class=\"elementor-column elementor-col-100 elementor-top-column elementor-element elementor-element-46c747a\" data-id=\"46c747a\" data-element_type=\"column\" data-e-type=\"column\">\n\t\t\t<div class=\"elementor-widget-wrap elementor-element-populated\">\n\t\t\t\t\t\t<div class=\"elementor-element elementor-element-c33bc4e elementor-widget elementor-widget-text-editor\" data-id=\"c33bc4e\" data-element_type=\"widget\" data-e-type=\"widget\" data-widget_type=\"text-editor.default\">\n\t\t\t\t\t\t\t\t\t<p>Como configurar o seu Speedefy K7 \/ K7W WiFi Router &#8211; Guia de v\u00eddeo de in\u00edcio r\u00e1pido. Se voc\u00ea tiver um problema com a visualiza\u00e7\u00e3o do v\u00eddeo, <a href=\"https:\/\/support.speedefy.com\/en\/articles\/4974369-how-to-set-up-a-speedefy-wifi-router\">clique aqui<\/a> voc\u00ea pode ler um guia passo-a-passo.<\/p>\n<p><strong>Configurar com um smartphone<\/strong><\/p>\t\t\t\t\t\t\t\t<\/div>\n\t\t\t\t\t<\/div>\n\t\t<\/div>\n\t\t\t\t\t<\/div>\n\t\t<\/section>\n\t\t\t\t<section class=\"elementor-section elementor-top-section elementor-element elementor-element-3faef97 elementor-section-boxed elementor-section-height-default elementor-section-height-default\" data-id=\"3faef97\" data-element_type=\"section\" data-e-type=\"section\">\n\t\t\t\t\t\t<div class=\"elementor-container elementor-column-gap-default\">\n\t\t\t\t\t<div class=\"elementor-column elementor-col-100 elementor-top-column elementor-element elementor-element-9cc05cc\" data-id=\"9cc05cc\" data-element_type=\"column\" data-e-type=\"column\">\n\t\t\t<div class=\"elementor-widget-wrap elementor-element-populated\">\n\t\t\t\t\t\t<div class=\"elementor-element elementor-element-001a114 elementor-widget elementor-widget-video\" data-id=\"001a114\" data-element_type=\"widget\" data-e-type=\"widget\" data-settings=\"{&quot;youtube_url&quot;:&quot;https:\\\/\\\/www.youtube.com\\\/watch?v=YpeZKj6TFmc&quot;,&quot;video_type&quot;:&quot;youtube&quot;,&quot;controls&quot;:&quot;yes&quot;}\" data-widget_type=\"video.default\">\n\t\t\t\t\t\t\t<div class=\"elementor-wrapper elementor-open-inline\">\n\t\t\t<div class=\"elementor-video\"><\/div>\t\t<\/div>\n\t\t\t\t\t\t<\/div>\n\t\t\t\t\t<\/div>\n\t\t<\/div>\n\t\t\t\t\t<\/div>\n\t\t<\/section>\n\t\t\t\t<section class=\"elementor-section elementor-top-section elementor-element elementor-element-2a77c16 elementor-section-boxed elementor-section-height-default elementor-section-height-default\" data-id=\"2a77c16\" data-element_type=\"section\" data-e-type=\"section\">\n\t\t\t\t\t\t<div class=\"elementor-container elementor-column-gap-default\">\n\t\t\t\t\t<div class=\"elementor-column elementor-col-100 elementor-top-column elementor-element elementor-element-bca11f2\" data-id=\"bca11f2\" data-element_type=\"column\" data-e-type=\"column\">\n\t\t\t<div class=\"elementor-widget-wrap elementor-element-populated\">\n\t\t\t\t\t\t<div class=\"elementor-element elementor-element-2c642f7 elementor-widget elementor-widget-text-editor\" data-id=\"2c642f7\" data-element_type=\"widget\" data-e-type=\"widget\" data-widget_type=\"text-editor.default\">\n\t\t\t\t\t\t\t\t\t<p><strong>ou configurar com o seu PC \/ Mac<\/strong><\/p>\n\t\t\t\t\t\t\t\t<\/div>\n\t\t\t\t\t<\/div>\n\t\t<\/div>\n\t\t\t\t\t<\/div>\n\t\t<\/section>\n\t\t\t\t<section class=\"elementor-section elementor-top-section elementor-element elementor-element-71cd11c elementor-section-boxed elementor-section-height-default elementor-section-height-default\" data-id=\"71cd11c\" data-element_type=\"section\" data-e-type=\"section\">\n\t\t\t\t\t\t<div class=\"elementor-container elementor-column-gap-default\">\n\t\t\t\t\t<div class=\"elementor-column elementor-col-100 elementor-top-column elementor-element elementor-element-4ed2be2\" data-id=\"4ed2be2\" data-element_type=\"column\" data-e-type=\"column\">\n\t\t\t<div class=\"elementor-widget-wrap elementor-element-populated\">\n\t\t\t\t\t\t<div class=\"elementor-element elementor-element-254ebe3 elementor-widget elementor-widget-video\" data-id=\"254ebe3\" data-element_type=\"widget\" data-e-type=\"widget\" data-settings=\"{&quot;youtube_url&quot;:&quot;https:\\\/\\\/www.youtube.com\\\/watch?v=EqK0gYJJwTM&quot;,&quot;video_type&quot;:&quot;youtube&quot;,&quot;controls&quot;:&quot;yes&quot;}\" data-widget_type=\"video.default\">\n\t\t\t\t\t\t\t<div class=\"elementor-wrapper elementor-open-inline\">\n\t\t\t<div class=\"elementor-video\"><\/div>\t\t<\/div>\n\t\t\t\t\t\t<\/div>\n\t\t\t\t\t<\/div>\n\t\t<\/div>\n\t\t\t\t\t<\/div>\n\t\t<\/section>\n\t\t\t\t<section class=\"elementor-section elementor-top-section elementor-element elementor-element-cb70f74 elementor-section-full_width elementor-section-height-default elementor-section-height-default\" data-id=\"cb70f74\" data-element_type=\"section\" data-e-type=\"section\">\n\t\t\t\t\t\t<div class=\"elementor-container elementor-column-gap-default\">\n\t\t\t\t\t<div class=\"elementor-column elementor-col-100 elementor-top-column elementor-element elementor-element-cd18ba4\" data-id=\"cd18ba4\" data-element_type=\"column\" data-e-type=\"column\">\n\t\t\t<div class=\"elementor-widget-wrap elementor-element-populated\">\n\t\t\t\t\t\t<div class=\"elementor-element elementor-element-f9da1ff elementor-widget-divider--view-line elementor-widget elementor-widget-divider\" data-id=\"f9da1ff\" data-element_type=\"widget\" data-e-type=\"widget\" data-widget_type=\"divider.default\">\n\t\t\t\t\t\t\t<div class=\"elementor-divider\">\n\t\t\t<span class=\"elementor-divider-separator\">\n\t\t\t\t\t\t<\/span>\n\t\t<\/div>\n\t\t\t\t\t\t<\/div>\n\t\t\t\t\t<\/div>\n\t\t<\/div>\n\t\t\t\t\t<\/div>\n\t\t<\/section>\n\t\t\t\t<section class=\"elementor-section elementor-top-section elementor-element elementor-element-7a530eb elementor-section-boxed elementor-section-height-default elementor-section-height-default\" data-id=\"7a530eb\" data-element_type=\"section\" data-e-type=\"section\">\n\t\t\t\t\t\t<div class=\"elementor-container elementor-column-gap-default\">\n\t\t\t\t\t<div class=\"elementor-column elementor-col-100 elementor-top-column elementor-element elementor-element-0b7b6a8\" data-id=\"0b7b6a8\" data-element_type=\"column\" data-e-type=\"column\">\n\t\t\t<div class=\"elementor-widget-wrap elementor-element-populated\">\n\t\t\t\t\t\t<div class=\"elementor-element elementor-element-2e8e90b elementor-widget elementor-widget-heading\" data-id=\"2e8e90b\" data-element_type=\"widget\" data-e-type=\"widget\" data-widget_type=\"heading.default\">\n\t\t\t\t\t<h2 class=\"elementor-heading-title elementor-size-default\">Conecte-se com nosso suporte t\u00e9cnico\n<\/h2>\t\t\t\t<\/div>\n\t\t\t\t\t<\/div>\n\t\t<\/div>\n\t\t\t\t\t<\/div>\n\t\t<\/section>\n\t\t\t\t<section class=\"elementor-section elementor-top-section elementor-element elementor-element-76fe0818 elementor-section-boxed elementor-section-height-default elementor-section-height-default\" data-id=\"76fe0818\" data-element_type=\"section\" data-e-type=\"section\">\n\t\t\t\t\t\t<div class=\"elementor-container elementor-column-gap-default\">\n\t\t\t\t\t<div class=\"elementor-column elementor-col-33 elementor-top-column elementor-element elementor-element-57118220\" data-id=\"57118220\" data-element_type=\"column\" data-e-type=\"column\">\n\t\t\t<div class=\"elementor-widget-wrap elementor-element-populated\">\n\t\t\t\t\t\t<div class=\"elementor-element elementor-element-7cec2e6c elementor-view-stacked elementor-shape-circle elementor-widget elementor-widget-icon\" data-id=\"7cec2e6c\" data-element_type=\"widget\" data-e-type=\"widget\" data-widget_type=\"icon.default\">\n\t\t\t\t\t\t\t<div class=\"elementor-icon-wrapper\">\n\t\t\t<a class=\"elementor-icon\" href=\"https:\/\/calendly.com\/speedefy\/customer-support\">\n\t\t\t<svg aria-hidden=\"true\" class=\"e-font-icon-svg e-far-calendar-alt\" viewBox=\"0 0 448 512\" xmlns=\"http:\/\/www.w3.org\/2000\/svg\"><path d=\"M148 288h-40c-6.6 0-12-5.4-12-12v-40c0-6.6 5.4-12 12-12h40c6.6 0 12 5.4 12 12v40c0 6.6-5.4 12-12 12zm108-12v-40c0-6.6-5.4-12-12-12h-40c-6.6 0-12 5.4-12 12v40c0 6.6 5.4 12 12 12h40c6.6 0 12-5.4 12-12zm96 0v-40c0-6.6-5.4-12-12-12h-40c-6.6 0-12 5.4-12 12v40c0 6.6 5.4 12 12 12h40c6.6 0 12-5.4 12-12zm-96 96v-40c0-6.6-5.4-12-12-12h-40c-6.6 0-12 5.4-12 12v40c0 6.6 5.4 12 12 12h40c6.6 0 12-5.4 12-12zm-96 0v-40c0-6.6-5.4-12-12-12h-40c-6.6 0-12 5.4-12 12v40c0 6.6 5.4 12 12 12h40c6.6 0 12-5.4 12-12zm192 0v-40c0-6.6-5.4-12-12-12h-40c-6.6 0-12 5.4-12 12v40c0 6.6 5.4 12 12 12h40c6.6 0 12-5.4 12-12zm96-260v352c0 26.5-21.5 48-48 48H48c-26.5 0-48-21.5-48-48V112c0-26.5 21.5-48 48-48h48V12c0-6.6 5.4-12 12-12h40c6.6 0 12 5.4 12 12v52h128V12c0-6.6 5.4-12 12-12h40c6.6 0 12 5.4 12 12v52h48c26.5 0 48 21.5 48 48zm-48 346V160H48v298c0 3.3 2.7 6 6 6h340c3.3 0 6-2.7 6-6z\"><\/path><\/svg>\t\t\t<\/a>\n\t\t<\/div>\n\t\t\t\t\t\t<\/div>\n\t\t\t\t<div class=\"elementor-element elementor-element-454e029f elementor-widget elementor-widget-heading\" data-id=\"454e029f\" data-element_type=\"widget\" data-e-type=\"widget\" data-widget_type=\"heading.default\">\n\t\t\t\t\t<h3 class=\"elementor-heading-title elementor-size-large\"><a href=\"https:\/\/calendly.com\/speedefy\/customer-support\">Agende uma Chamada<\/a><\/h3>\t\t\t\t<\/div>\n\t\t\t\t\t<\/div>\n\t\t<\/div>\n\t\t\t\t<div class=\"elementor-column elementor-col-33 elementor-top-column elementor-element elementor-element-7f50c832\" data-id=\"7f50c832\" data-element_type=\"column\" data-e-type=\"column\">\n\t\t\t<div class=\"elementor-widget-wrap elementor-element-populated\">\n\t\t\t\t\t\t<div class=\"elementor-element elementor-element-2941f18f elementor-view-stacked elementor-shape-circle elementor-widget elementor-widget-icon\" data-id=\"2941f18f\" data-element_type=\"widget\" data-e-type=\"widget\" data-widget_type=\"icon.default\">\n\t\t\t\t\t\t\t<div class=\"elementor-icon-wrapper\">\n\t\t\t<a class=\"elementor-icon\" href=\"https:\/\/www.speedefy.com\/help\/open-a-ticket\/\">\n\t\t\t<svg aria-hidden=\"true\" class=\"e-font-icon-svg e-fab-intercom\" viewBox=\"0 0 448 512\" xmlns=\"http:\/\/www.w3.org\/2000\/svg\"><path d=\"M392 32H56C25.1 32 0 57.1 0 88v336c0 30.9 25.1 56 56 56h336c30.9 0 56-25.1 56-56V88c0-30.9-25.1-56-56-56zm-108.3 82.1c0-19.8 29.9-19.8 29.9 0v199.5c0 19.8-29.9 19.8-29.9 0V114.1zm-74.6-7.5c0-19.8 29.9-19.8 29.9 0v216.5c0 19.8-29.9 19.8-29.9 0V106.6zm-74.7 7.5c0-19.8 29.9-19.8 29.9 0v199.5c0 19.8-29.9 19.8-29.9 0V114.1zM59.7 144c0-19.8 29.9-19.8 29.9 0v134.3c0 19.8-29.9 19.8-29.9 0V144zm323.4 227.8c-72.8 63-241.7 65.4-318.1 0-15-12.8 4.4-35.5 19.4-22.7 65.9 55.3 216.1 53.9 279.3 0 14.9-12.9 34.3 9.8 19.4 22.7zm5.2-93.5c0 19.8-29.9 19.8-29.9 0V144c0-19.8 29.9-19.8 29.9 0v134.3z\"><\/path><\/svg>\t\t\t<\/a>\n\t\t<\/div>\n\t\t\t\t\t\t<\/div>\n\t\t\t\t<div class=\"elementor-element elementor-element-37b579a4 elementor-widget elementor-widget-heading\" data-id=\"37b579a4\" data-element_type=\"widget\" data-e-type=\"widget\" data-widget_type=\"heading.default\">\n\t\t\t\t\t<h3 class=\"elementor-heading-title elementor-size-large\"><a href=\"https:\/\/www.speedefy.com\/help\/open-a-ticket\/\">Abrir um Ticket<\/a><\/h3>\t\t\t\t<\/div>\n\t\t\t\t\t<\/div>\n\t\t<\/div>\n\t\t\t\t<div class=\"elementor-column elementor-col-33 elementor-top-column elementor-element elementor-element-1eee43ef\" data-id=\"1eee43ef\" data-element_type=\"column\" data-e-type=\"column\">\n\t\t\t<div class=\"elementor-widget-wrap elementor-element-populated\">\n\t\t\t\t\t\t<div class=\"elementor-element elementor-element-28371b1d elementor-view-stacked elementor-shape-circle elementor-widget elementor-widget-icon\" data-id=\"28371b1d\" data-element_type=\"widget\" data-e-type=\"widget\" data-widget_type=\"icon.default\">\n\t\t\t\t\t\t\t<div class=\"elementor-icon-wrapper\">\n\t\t\t<a class=\"elementor-icon\" href=\"mailto:cs@speedefy.com\">\n\t\t\t<svg aria-hidden=\"true\" class=\"e-font-icon-svg e-fas-mail-bulk\" viewBox=\"0 0 576 512\" xmlns=\"http:\/\/www.w3.org\/2000\/svg\"><path d=\"M160 448c-25.6 0-51.2-22.4-64-32-64-44.8-83.2-60.8-96-70.4V480c0 17.67 14.33 32 32 32h256c17.67 0 32-14.33 32-32V345.6c-12.8 9.6-32 25.6-96 70.4-12.8 9.6-38.4 32-64 32zm128-192H32c-17.67 0-32 14.33-32 32v16c25.6 19.2 22.4 19.2 115.2 86.4 9.6 6.4 28.8 25.6 44.8 25.6s35.2-19.2 44.8-22.4c92.8-67.2 89.6-67.2 115.2-86.4V288c0-17.67-14.33-32-32-32zm256-96H224c-17.67 0-32 14.33-32 32v32h96c33.21 0 60.59 25.42 63.71 57.82l.29-.22V416h192c17.67 0 32-14.33 32-32V192c0-17.67-14.33-32-32-32zm-32 128h-64v-64h64v64zm-352-96c0-35.29 28.71-64 64-64h224V32c0-17.67-14.33-32-32-32H96C78.33 0 64 14.33 64 32v192h96v-32z\"><\/path><\/svg>\t\t\t<\/a>\n\t\t<\/div>\n\t\t\t\t\t\t<\/div>\n\t\t\t\t<div class=\"elementor-element elementor-element-3b77d15c elementor-widget elementor-widget-heading\" data-id=\"3b77d15c\" data-element_type=\"widget\" data-e-type=\"widget\" data-widget_type=\"heading.default\">\n\t\t\t\t\t<h3 class=\"elementor-heading-title elementor-size-large\"><a href=\"mailto:cs@speedefy.com\">Enviar um e-mail<\/a><\/h3>\t\t\t\t<\/div>\n\t\t\t\t\t<\/div>\n\t\t<\/div>\n\t\t\t\t\t<\/div>\n\t\t<\/section>\n\t\t\t\t<\/div>\n\t\t","protected":false},"excerpt":{"rendered":"<p>Guia de configura\u00e7\u00e3o para Speedefy K7\/K7W AC2100 WiFi Router Como configurar o seu Speedefy K7 \/ K7W WiFi Router &#8211; Guia de v\u00eddeo de in\u00edcio r\u00e1pido. Se voc\u00ea tiver um problema com a visualiza\u00e7\u00e3o do v\u00eddeo, clique aqui voc\u00ea pode ler um guia passo-a-passo. Configurar com um smartphone https:\/\/www.youtube.com\/watch?v=YpeZKj6TFmc ou configurar com o seu PC [&hellip;]<\/p>\n","protected":false},"author":1,"featured_media":0,"parent":0,"menu_order":0,"comment_status":"closed","ping_status":"closed","template":"","meta":{"footnotes":""},"class_list":["post-3979","page","type-page","status-publish","hentry"],"yoast_head":"<!-- This site is optimized with the Yoast SEO plugin v27.5 - https:\/\/yoast.com\/product\/yoast-seo-wordpress\/ -->\n<title>Guia de V\u00eddeo de Configura\u00e7\u00e3o R\u00e1pida - Speedefy K7 WiFi Router - Speedefy WiFi Router<\/title>\n<meta name=\"robots\" content=\"index, follow, max-snippet:-1, max-image-preview:large, max-video-preview:-1\" \/>\n<link rel=\"canonical\" href=\"https:\/\/www.speedefy.com\/pt-br\/guia-de-video-de-configuracao-rapida-speedefy-k7-wifi-router\/\" \/>\n<meta property=\"og:locale\" content=\"pt_BR\" \/>\n<meta property=\"og:type\" content=\"article\" \/>\n<meta property=\"og:title\" content=\"Guia de V\u00eddeo de Configura\u00e7\u00e3o R\u00e1pida - Speedefy K7 WiFi Router - Speedefy WiFi Router\" \/>\n<meta property=\"og:description\" content=\"Guia de configura\u00e7\u00e3o para Speedefy K7\/K7W AC2100 WiFi Router Como configurar o seu Speedefy K7 \/ K7W WiFi Router &#8211; Guia de v\u00eddeo de in\u00edcio r\u00e1pido. Se voc\u00ea tiver um problema com a visualiza\u00e7\u00e3o do v\u00eddeo, clique aqui voc\u00ea pode ler um guia passo-a-passo. Configurar com um smartphone https:\/\/www.youtube.com\/watch?v=YpeZKj6TFmc ou configurar com o seu PC [&hellip;]\" \/>\n<meta property=\"og:url\" content=\"https:\/\/www.speedefy.com\/pt-br\/guia-de-video-de-configuracao-rapida-speedefy-k7-wifi-router\/\" \/>\n<meta property=\"og:site_name\" content=\"Speedefy WiFi Router\" \/>\n<meta property=\"article:modified_time\" content=\"2023-09-25T06:41:59+00:00\" \/>\n<meta name=\"twitter:card\" content=\"summary_large_image\" \/>\n<script type=\"application\/ld+json\" class=\"yoast-schema-graph\">{\"@context\":\"https:\\\/\\\/schema.org\",\"@graph\":[{\"@type\":\"WebPage\",\"@id\":\"https:\\\/\\\/www.speedefy.com\\\/pt-br\\\/guia-de-video-de-configuracao-rapida-speedefy-k7-wifi-router\\\/\",\"url\":\"https:\\\/\\\/www.speedefy.com\\\/pt-br\\\/guia-de-video-de-configuracao-rapida-speedefy-k7-wifi-router\\\/\",\"name\":\"Guia de V\u00eddeo de Configura\u00e7\u00e3o R\u00e1pida - Speedefy K7 WiFi Router - Speedefy WiFi Router\",\"isPartOf\":{\"@id\":\"https:\\\/\\\/www.speedefy.com\\\/pt-br\\\/#website\"},\"datePublished\":\"2020-07-29T02:50:52+00:00\",\"dateModified\":\"2023-09-25T06:41:59+00:00\",\"breadcrumb\":{\"@id\":\"https:\\\/\\\/www.speedefy.com\\\/pt-br\\\/guia-de-video-de-configuracao-rapida-speedefy-k7-wifi-router\\\/#breadcrumb\"},\"inLanguage\":\"pt-BR\",\"potentialAction\":[{\"@type\":\"ReadAction\",\"target\":[\"https:\\\/\\\/www.speedefy.com\\\/pt-br\\\/guia-de-video-de-configuracao-rapida-speedefy-k7-wifi-router\\\/\"]}]},{\"@type\":\"BreadcrumbList\",\"@id\":\"https:\\\/\\\/www.speedefy.com\\\/pt-br\\\/guia-de-video-de-configuracao-rapida-speedefy-k7-wifi-router\\\/#breadcrumb\",\"itemListElement\":[{\"@type\":\"ListItem\",\"position\":1,\"name\":\"Home\",\"item\":\"https:\\\/\\\/www.speedefy.com\\\/pt-br\\\/pagina-inicial-do-speedefy\\\/\"},{\"@type\":\"ListItem\",\"position\":2,\"name\":\"Guia de V\u00eddeo de Configura\u00e7\u00e3o R\u00e1pida &#8211; Speedefy K7 WiFi Router\"}]},{\"@type\":\"WebSite\",\"@id\":\"https:\\\/\\\/www.speedefy.com\\\/pt-br\\\/#website\",\"url\":\"https:\\\/\\\/www.speedefy.com\\\/pt-br\\\/\",\"name\":\"Speedefy WiFi Router\",\"description\":\"The best wireless routers for fast internet\",\"publisher\":{\"@id\":\"https:\\\/\\\/www.speedefy.com\\\/pt-br\\\/#organization\"},\"potentialAction\":[{\"@type\":\"SearchAction\",\"target\":{\"@type\":\"EntryPoint\",\"urlTemplate\":\"https:\\\/\\\/www.speedefy.com\\\/pt-br\\\/?s={search_term_string}\"},\"query-input\":{\"@type\":\"PropertyValueSpecification\",\"valueRequired\":true,\"valueName\":\"search_term_string\"}}],\"inLanguage\":\"pt-BR\"},{\"@type\":\"Organization\",\"@id\":\"https:\\\/\\\/www.speedefy.com\\\/pt-br\\\/#organization\",\"name\":\"Speedefy\",\"url\":\"https:\\\/\\\/www.speedefy.com\\\/pt-br\\\/\",\"logo\":{\"@type\":\"ImageObject\",\"inLanguage\":\"pt-BR\",\"@id\":\"https:\\\/\\\/www.speedefy.com\\\/pt-br\\\/#\\\/schema\\\/logo\\\/image\\\/\",\"url\":\"https:\\\/\\\/www.speedefy.com\\\/wp-content\\\/uploads\\\/2021\\\/11\\\/cropped-speedefy_700-small-1-e1638182577555.png\",\"contentUrl\":\"https:\\\/\\\/www.speedefy.com\\\/wp-content\\\/uploads\\\/2021\\\/11\\\/cropped-speedefy_700-small-1-e1638182577555.png\",\"width\":200,\"height\":46,\"caption\":\"Speedefy\"},\"image\":{\"@id\":\"https:\\\/\\\/www.speedefy.com\\\/pt-br\\\/#\\\/schema\\\/logo\\\/image\\\/\"}}]}<\/script>\n<!-- \/ Yoast SEO plugin. -->","yoast_head_json":{"title":"Guia de V\u00eddeo de Configura\u00e7\u00e3o R\u00e1pida - Speedefy K7 WiFi Router - Speedefy WiFi Router","robots":{"index":"index","follow":"follow","max-snippet":"max-snippet:-1","max-image-preview":"max-image-preview:large","max-video-preview":"max-video-preview:-1"},"canonical":"https:\/\/www.speedefy.com\/pt-br\/guia-de-video-de-configuracao-rapida-speedefy-k7-wifi-router\/","og_locale":"pt_BR","og_type":"article","og_title":"Guia de V\u00eddeo de Configura\u00e7\u00e3o R\u00e1pida - Speedefy K7 WiFi Router - Speedefy WiFi Router","og_description":"Guia de configura\u00e7\u00e3o para Speedefy K7\/K7W AC2100 WiFi Router Como configurar o seu Speedefy K7 \/ K7W WiFi Router &#8211; Guia de v\u00eddeo de in\u00edcio r\u00e1pido. Se voc\u00ea tiver um problema com a visualiza\u00e7\u00e3o do v\u00eddeo, clique aqui voc\u00ea pode ler um guia passo-a-passo. Configurar com um smartphone https:\/\/www.youtube.com\/watch?v=YpeZKj6TFmc ou configurar com o seu PC [&hellip;]","og_url":"https:\/\/www.speedefy.com\/pt-br\/guia-de-video-de-configuracao-rapida-speedefy-k7-wifi-router\/","og_site_name":"Speedefy WiFi Router","article_modified_time":"2023-09-25T06:41:59+00:00","twitter_card":"summary_large_image","schema":{"@context":"https:\/\/schema.org","@graph":[{"@type":"WebPage","@id":"https:\/\/www.speedefy.com\/pt-br\/guia-de-video-de-configuracao-rapida-speedefy-k7-wifi-router\/","url":"https:\/\/www.speedefy.com\/pt-br\/guia-de-video-de-configuracao-rapida-speedefy-k7-wifi-router\/","name":"Guia de V\u00eddeo de Configura\u00e7\u00e3o R\u00e1pida - Speedefy K7 WiFi Router - Speedefy WiFi Router","isPartOf":{"@id":"https:\/\/www.speedefy.com\/pt-br\/#website"},"datePublished":"2020-07-29T02:50:52+00:00","dateModified":"2023-09-25T06:41:59+00:00","breadcrumb":{"@id":"https:\/\/www.speedefy.com\/pt-br\/guia-de-video-de-configuracao-rapida-speedefy-k7-wifi-router\/#breadcrumb"},"inLanguage":"pt-BR","potentialAction":[{"@type":"ReadAction","target":["https:\/\/www.speedefy.com\/pt-br\/guia-de-video-de-configuracao-rapida-speedefy-k7-wifi-router\/"]}]},{"@type":"BreadcrumbList","@id":"https:\/\/www.speedefy.com\/pt-br\/guia-de-video-de-configuracao-rapida-speedefy-k7-wifi-router\/#breadcrumb","itemListElement":[{"@type":"ListItem","position":1,"name":"Home","item":"https:\/\/www.speedefy.com\/pt-br\/pagina-inicial-do-speedefy\/"},{"@type":"ListItem","position":2,"name":"Guia de V\u00eddeo de Configura\u00e7\u00e3o R\u00e1pida &#8211; Speedefy K7 WiFi Router"}]},{"@type":"WebSite","@id":"https:\/\/www.speedefy.com\/pt-br\/#website","url":"https:\/\/www.speedefy.com\/pt-br\/","name":"Speedefy WiFi Router","description":"The best wireless routers for fast internet","publisher":{"@id":"https:\/\/www.speedefy.com\/pt-br\/#organization"},"potentialAction":[{"@type":"SearchAction","target":{"@type":"EntryPoint","urlTemplate":"https:\/\/www.speedefy.com\/pt-br\/?s={search_term_string}"},"query-input":{"@type":"PropertyValueSpecification","valueRequired":true,"valueName":"search_term_string"}}],"inLanguage":"pt-BR"},{"@type":"Organization","@id":"https:\/\/www.speedefy.com\/pt-br\/#organization","name":"Speedefy","url":"https:\/\/www.speedefy.com\/pt-br\/","logo":{"@type":"ImageObject","inLanguage":"pt-BR","@id":"https:\/\/www.speedefy.com\/pt-br\/#\/schema\/logo\/image\/","url":"https:\/\/www.speedefy.com\/wp-content\/uploads\/2021\/11\/cropped-speedefy_700-small-1-e1638182577555.png","contentUrl":"https:\/\/www.speedefy.com\/wp-content\/uploads\/2021\/11\/cropped-speedefy_700-small-1-e1638182577555.png","width":200,"height":46,"caption":"Speedefy"},"image":{"@id":"https:\/\/www.speedefy.com\/pt-br\/#\/schema\/logo\/image\/"}}]}},"_links":{"self":[{"href":"https:\/\/www.speedefy.com\/pt-br\/wp-json\/wp\/v2\/pages\/3979","targetHints":{"allow":["GET"]}}],"collection":[{"href":"https:\/\/www.speedefy.com\/pt-br\/wp-json\/wp\/v2\/pages"}],"about":[{"href":"https:\/\/www.speedefy.com\/pt-br\/wp-json\/wp\/v2\/types\/page"}],"author":[{"embeddable":true,"href":"https:\/\/www.speedefy.com\/pt-br\/wp-json\/wp\/v2\/users\/1"}],"replies":[{"embeddable":true,"href":"https:\/\/www.speedefy.com\/pt-br\/wp-json\/wp\/v2\/comments?post=3979"}],"version-history":[{"count":1,"href":"https:\/\/www.speedefy.com\/pt-br\/wp-json\/wp\/v2\/pages\/3979\/revisions"}],"predecessor-version":[{"id":3987,"href":"https:\/\/www.speedefy.com\/pt-br\/wp-json\/wp\/v2\/pages\/3979\/revisions\/3987"}],"wp:attachment":[{"href":"https:\/\/www.speedefy.com\/pt-br\/wp-json\/wp\/v2\/media?parent=3979"}],"curies":[{"name":"wp","href":"https:\/\/api.w.org\/{rel}","templated":true}]}}