{"id":3555,"date":"2022-04-21T16:34:17","date_gmt":"2022-04-21T08:34:17","guid":{"rendered":"https:\/\/www.speedefy.com\/ou-acheter\/"},"modified":"2023-09-25T14:39:14","modified_gmt":"2023-09-25T06:39:14","slug":"ou-acheter","status":"publish","type":"page","link":"https:\/\/www.speedefy.com\/fr\/ou-acheter\/","title":{"rendered":"O\u00f9 acheter"},"content":{"rendered":"\t\t<div data-elementor-type=\"wp-page\" data-elementor-id=\"3555\" class=\"elementor elementor-3555 elementor-2108\" data-elementor-post-type=\"page\">\n\t\t\t\t\t\t<section class=\"elementor-section elementor-top-section elementor-element elementor-element-81da18f elementor-section-boxed elementor-section-height-default elementor-section-height-default\" data-id=\"81da18f\" data-element_type=\"section\" data-e-type=\"section\">\n\t\t\t\t\t\t<div class=\"elementor-container elementor-column-gap-default\">\n\t\t\t\t\t<div class=\"elementor-column elementor-col-100 elementor-top-column elementor-element elementor-element-8130a00\" data-id=\"8130a00\" data-element_type=\"column\" data-e-type=\"column\">\n\t\t\t<div class=\"elementor-widget-wrap elementor-element-populated\">\n\t\t\t\t\t\t<div class=\"elementor-element elementor-element-6d065f6 elementor-widget elementor-widget-text-editor\" data-id=\"6d065f6\" data-element_type=\"widget\" data-e-type=\"widget\" data-widget_type=\"text-editor.default\">\n\t\t\t\t\t\t\t\t\t<h2><strong>Achetez en toute confiance<\/strong><\/h2>\n<p><strong>Choisissez un d\u00e9taillant autoris\u00e9 pour acheter des produits Speedefy authentiques et v\u00e9rifi\u00e9s :<\/strong><\/p>\n\t\t\t\t\t\t\t\t<\/div>\n\t\t\t\t\t<\/div>\n\t\t<\/div>\n\t\t\t\t\t<\/div>\n\t\t<\/section>\n\t\t\t\t<section class=\"elementor-section elementor-top-section elementor-element elementor-element-01106e6 elementor-section-boxed elementor-section-height-default elementor-section-height-default\" data-id=\"01106e6\" data-element_type=\"section\" data-e-type=\"section\">\n\t\t\t\t\t\t<div class=\"elementor-container elementor-column-gap-default\">\n\t\t\t\t\t<div class=\"elementor-column elementor-col-100 elementor-top-column elementor-element elementor-element-9a5a68b\" data-id=\"9a5a68b\" data-element_type=\"column\" data-e-type=\"column\">\n\t\t\t<div class=\"elementor-widget-wrap elementor-element-populated\">\n\t\t\t\t\t\t<div class=\"elementor-element elementor-element-abc2ef1 elementor-tabs-view-vertical elementor-widget elementor-widget-tabs\" data-id=\"abc2ef1\" data-element_type=\"widget\" data-e-type=\"widget\" data-widget_type=\"tabs.default\">\n\t\t\t\t\t\t\t<div class=\"elementor-tabs\">\n\t\t\t<div class=\"elementor-tabs-wrapper\" role=\"tablist\" >\n\t\t\t\t\t\t\t\t\t<div id=\"elementor-tab-title-1801\" class=\"elementor-tab-title elementor-tab-desktop-title\" aria-selected=\"true\" data-tab=\"1\" role=\"tab\" tabindex=\"0\" aria-controls=\"elementor-tab-content-1801\" aria-expanded=\"false\">\u00c9tats-Unis<\/div>\n\t\t\t\t\t\t\t\t\t<div id=\"elementor-tab-title-1802\" class=\"elementor-tab-title elementor-tab-desktop-title\" aria-selected=\"false\" data-tab=\"2\" role=\"tab\" tabindex=\"-1\" aria-controls=\"elementor-tab-content-1802\" aria-expanded=\"false\">Canada<\/div>\n\t\t\t\t\t\t\t\t\t<div id=\"elementor-tab-title-1803\" class=\"elementor-tab-title elementor-tab-desktop-title\" aria-selected=\"false\" data-tab=\"3\" role=\"tab\" tabindex=\"-1\" aria-controls=\"elementor-tab-content-1803\" aria-expanded=\"false\">Venezuela<\/div>\n\t\t\t\t\t\t\t<\/div>\n\t\t\t<div class=\"elementor-tabs-content-wrapper\" role=\"tablist\" aria-orientation=\"vertical\">\n\t\t\t\t\t\t\t\t\t<div class=\"elementor-tab-title elementor-tab-mobile-title\" aria-selected=\"true\" data-tab=\"1\" role=\"tab\" tabindex=\"0\" aria-controls=\"elementor-tab-content-1801\" aria-expanded=\"false\">\u00c9tats-Unis<\/div>\n\t\t\t\t\t<div id=\"elementor-tab-content-1801\" class=\"elementor-tab-content elementor-clearfix\" data-tab=\"1\" role=\"tabpanel\" aria-labelledby=\"elementor-tab-title-1801\" tabindex=\"0\" hidden=\"false\"><h3>Amazon.com<\/h3>\n<p><a href=\"https:\/\/www.amazon.com\/speedefy\"><img decoding=\"async\" class=\"alignnone size-full wp-image-464\" src=\"https:\/\/www.speedefy.com\/wp-content\/uploads\/2021\/07\/channelamazon.png\" alt=\"\" width=\"200\" height=\"113\"><\/a><\/p>\n<h3>Walmart<\/h3>\n<p><a href=\"https:\/\/www.walmart.com\/search?query=speedefy&amp;sort=best_match&amp;cat_id=0&amp;stores=3081&amp;spelling=false&amp;ps=40\"><img decoding=\"async\" class=\"alignnone size-medium wp-image-2116\" src=\"https:\/\/www.speedefy.com\/wp-content\/uploads\/2022\/04\/walmart-logo-300x117.png\" alt=\"\" width=\"300\" height=\"117\"><\/a><\/p>\n<h3>Newegg.com<\/h3>\n<p><a href=\"https:\/\/www.newegg.com\/Speedefy\/BrandStore\/ID-216504\"><img decoding=\"async\" class=\"alignnone wp-image-2115 size-thumbnail\" src=\"https:\/\/www.speedefy.com\/wp-content\/uploads\/2022\/04\/newegg_logo-150x150.png\" alt=\"\" width=\"150\" height=\"150\" srcset=\"https:\/\/www.speedefy.com\/wp-content\/uploads\/2022\/04\/newegg_logo-150x150.png 150w, https:\/\/www.speedefy.com\/wp-content\/uploads\/2022\/04\/newegg_logo-300x300.png 300w, https:\/\/www.speedefy.com\/wp-content\/uploads\/2022\/04\/newegg_logo-100x100.png 100w, https:\/\/www.speedefy.com\/wp-content\/uploads\/2022\/04\/newegg_logo.png 400w\" sizes=\"(max-width: 150px) 100vw, 150px\" \/><\/a><\/p>\n<\/div>\n\t\t\t\t\t\t\t\t\t<div class=\"elementor-tab-title elementor-tab-mobile-title\" aria-selected=\"false\" data-tab=\"2\" role=\"tab\" tabindex=\"-1\" aria-controls=\"elementor-tab-content-1802\" aria-expanded=\"false\">Canada<\/div>\n\t\t\t\t\t<div id=\"elementor-tab-content-1802\" class=\"elementor-tab-content elementor-clearfix\" data-tab=\"2\" role=\"tabpanel\" aria-labelledby=\"elementor-tab-title-1802\" tabindex=\"0\" hidden=\"hidden\"><h3>Amazon.ca<\/h3>\n<p><a href=\"https:\/\/www.amazon.ca\/stores\/Speedefy\/page\/92850B86-CB68-4E1B-9088-AA379EB374A8?ref_=ast_bln\"><img decoding=\"async\" class=\"alignnone size-full wp-image-464\" src=\"https:\/\/www.speedefy.com\/wp-content\/uploads\/2021\/07\/channelamazon.png\" alt=\"\" width=\"200\" height=\"113\"><\/a><\/p>\n<h3>Bestbuy<\/h3>\n<p><a href=\"https:\/\/www.bestbuy.ca\/en-ca\/search?search=speedefy\"><img loading=\"lazy\" decoding=\"async\" class=\"alignnone wp-image-2114 size-medium\" src=\"https:\/\/www.speedefy.com\/wp-content\/uploads\/2022\/04\/bestbuy-logo-300x169.jpg\" alt=\"\" width=\"300\" height=\"169\"><\/a><\/p>\n<\/div>\n\t\t\t\t\t\t\t\t\t<div class=\"elementor-tab-title elementor-tab-mobile-title\" aria-selected=\"false\" data-tab=\"3\" role=\"tab\" tabindex=\"-1\" aria-controls=\"elementor-tab-content-1803\" aria-expanded=\"false\">Venezuela<\/div>\n\t\t\t\t\t<div id=\"elementor-tab-content-1803\" class=\"elementor-tab-content elementor-clearfix\" data-tab=\"3\" role=\"tabpanel\" aria-labelledby=\"elementor-tab-title-1803\" tabindex=\"0\" hidden=\"hidden\"><h3> <\/h3><\/p>\n<\/div>\n\t\t\t\t\t\t\t<\/div>\n\t\t<\/div>\n\t\t\t\t\t\t<\/div>\n\t\t\t\t\t<\/div>\n\t\t<\/div>\n\t\t\t\t\t<\/div>\n\t\t<\/section>\n\t\t\t\t<\/div>\n\t\t","protected":false},"excerpt":{"rendered":"<p>Achetez en toute confiance Choisissez un d\u00e9taillant autoris\u00e9 pour acheter des produits Speedefy authentiques et v\u00e9rifi\u00e9s : \u00c9tats-Unis Canada Venezuela \u00c9tats-Unis Amazon.com Walmart Newegg.com Canada Amazon.ca Bestbuy Venezuela<\/p>\n","protected":false},"author":1,"featured_media":0,"parent":0,"menu_order":0,"comment_status":"closed","ping_status":"closed","template":"","meta":{"footnotes":""},"class_list":["post-3555","page","type-page","status-publish","hentry"],"yoast_head":"<!-- This site is optimized with the Yoast SEO plugin v27.4 - https:\/\/yoast.com\/product\/yoast-seo-wordpress\/ -->\n<title>O\u00f9 acheter - Speedefy WiFi Router<\/title>\n<meta name=\"robots\" content=\"index, follow, max-snippet:-1, max-image-preview:large, max-video-preview:-1\" \/>\n<link rel=\"canonical\" href=\"https:\/\/www.speedefy.com\/fr\/ou-acheter\/\" \/>\n<meta property=\"og:locale\" content=\"fr_FR\" \/>\n<meta property=\"og:type\" content=\"article\" \/>\n<meta property=\"og:title\" content=\"O\u00f9 acheter - Speedefy WiFi Router\" \/>\n<meta property=\"og:description\" content=\"Achetez en toute confiance Choisissez un d\u00e9taillant autoris\u00e9 pour acheter des produits Speedefy authentiques et v\u00e9rifi\u00e9s : \u00c9tats-Unis Canada Venezuela \u00c9tats-Unis Amazon.com Walmart Newegg.com Canada Amazon.ca Bestbuy Venezuela\" \/>\n<meta property=\"og:url\" content=\"https:\/\/www.speedefy.com\/fr\/ou-acheter\/\" \/>\n<meta property=\"og:site_name\" content=\"Speedefy WiFi Router\" \/>\n<meta property=\"article:modified_time\" content=\"2023-09-25T06:39:14+00:00\" \/>\n<meta property=\"og:image\" content=\"https:\/\/www.speedefy.com\/wp-content\/uploads\/2021\/07\/channelamazon.png\" \/>\n<meta name=\"twitter:card\" content=\"summary_large_image\" \/>\n<script type=\"application\/ld+json\" class=\"yoast-schema-graph\">{\"@context\":\"https:\\\/\\\/schema.org\",\"@graph\":[{\"@type\":\"WebPage\",\"@id\":\"https:\\\/\\\/www.speedefy.com\\\/fr\\\/ou-acheter\\\/\",\"url\":\"https:\\\/\\\/www.speedefy.com\\\/fr\\\/ou-acheter\\\/\",\"name\":\"O\u00f9 acheter - Speedefy WiFi Router\",\"isPartOf\":{\"@id\":\"https:\\\/\\\/www.speedefy.com\\\/fr\\\/#website\"},\"primaryImageOfPage\":{\"@id\":\"https:\\\/\\\/www.speedefy.com\\\/fr\\\/ou-acheter\\\/#primaryimage\"},\"image\":{\"@id\":\"https:\\\/\\\/www.speedefy.com\\\/fr\\\/ou-acheter\\\/#primaryimage\"},\"thumbnailUrl\":\"https:\\\/\\\/www.speedefy.com\\\/wp-content\\\/uploads\\\/2021\\\/07\\\/channelamazon.png\",\"datePublished\":\"2022-04-21T08:34:17+00:00\",\"dateModified\":\"2023-09-25T06:39:14+00:00\",\"breadcrumb\":{\"@id\":\"https:\\\/\\\/www.speedefy.com\\\/fr\\\/ou-acheter\\\/#breadcrumb\"},\"inLanguage\":\"fr-FR\",\"potentialAction\":[{\"@type\":\"ReadAction\",\"target\":[\"https:\\\/\\\/www.speedefy.com\\\/fr\\\/ou-acheter\\\/\"]}]},{\"@type\":\"ImageObject\",\"inLanguage\":\"fr-FR\",\"@id\":\"https:\\\/\\\/www.speedefy.com\\\/fr\\\/ou-acheter\\\/#primaryimage\",\"url\":\"https:\\\/\\\/www.speedefy.com\\\/wp-content\\\/uploads\\\/2021\\\/07\\\/channelamazon.png\",\"contentUrl\":\"https:\\\/\\\/www.speedefy.com\\\/wp-content\\\/uploads\\\/2021\\\/07\\\/channelamazon.png\"},{\"@type\":\"BreadcrumbList\",\"@id\":\"https:\\\/\\\/www.speedefy.com\\\/fr\\\/ou-acheter\\\/#breadcrumb\",\"itemListElement\":[{\"@type\":\"ListItem\",\"position\":1,\"name\":\"Home\",\"item\":\"https:\\\/\\\/www.speedefy.com\\\/fr\\\/page-daccueil-de-speedefy\\\/\"},{\"@type\":\"ListItem\",\"position\":2,\"name\":\"O\u00f9 acheter\"}]},{\"@type\":\"WebSite\",\"@id\":\"https:\\\/\\\/www.speedefy.com\\\/fr\\\/#website\",\"url\":\"https:\\\/\\\/www.speedefy.com\\\/fr\\\/\",\"name\":\"Speedefy WiFi Router\",\"description\":\"The best wireless routers for fast internet\",\"publisher\":{\"@id\":\"https:\\\/\\\/www.speedefy.com\\\/fr\\\/#organization\"},\"potentialAction\":[{\"@type\":\"SearchAction\",\"target\":{\"@type\":\"EntryPoint\",\"urlTemplate\":\"https:\\\/\\\/www.speedefy.com\\\/fr\\\/?s={search_term_string}\"},\"query-input\":{\"@type\":\"PropertyValueSpecification\",\"valueRequired\":true,\"valueName\":\"search_term_string\"}}],\"inLanguage\":\"fr-FR\"},{\"@type\":\"Organization\",\"@id\":\"https:\\\/\\\/www.speedefy.com\\\/fr\\\/#organization\",\"name\":\"Speedefy\",\"url\":\"https:\\\/\\\/www.speedefy.com\\\/fr\\\/\",\"logo\":{\"@type\":\"ImageObject\",\"inLanguage\":\"fr-FR\",\"@id\":\"https:\\\/\\\/www.speedefy.com\\\/fr\\\/#\\\/schema\\\/logo\\\/image\\\/\",\"url\":\"https:\\\/\\\/www.speedefy.com\\\/wp-content\\\/uploads\\\/2021\\\/11\\\/cropped-speedefy_700-small-1-e1638182577555.png\",\"contentUrl\":\"https:\\\/\\\/www.speedefy.com\\\/wp-content\\\/uploads\\\/2021\\\/11\\\/cropped-speedefy_700-small-1-e1638182577555.png\",\"width\":200,\"height\":46,\"caption\":\"Speedefy\"},\"image\":{\"@id\":\"https:\\\/\\\/www.speedefy.com\\\/fr\\\/#\\\/schema\\\/logo\\\/image\\\/\"}}]}<\/script>\n<!-- \/ Yoast SEO plugin. -->","yoast_head_json":{"title":"O\u00f9 acheter - Speedefy WiFi Router","robots":{"index":"index","follow":"follow","max-snippet":"max-snippet:-1","max-image-preview":"max-image-preview:large","max-video-preview":"max-video-preview:-1"},"canonical":"https:\/\/www.speedefy.com\/fr\/ou-acheter\/","og_locale":"fr_FR","og_type":"article","og_title":"O\u00f9 acheter - Speedefy WiFi Router","og_description":"Achetez en toute confiance Choisissez un d\u00e9taillant autoris\u00e9 pour acheter des produits Speedefy authentiques et v\u00e9rifi\u00e9s : \u00c9tats-Unis Canada Venezuela \u00c9tats-Unis Amazon.com Walmart Newegg.com Canada Amazon.ca Bestbuy Venezuela","og_url":"https:\/\/www.speedefy.com\/fr\/ou-acheter\/","og_site_name":"Speedefy WiFi Router","article_modified_time":"2023-09-25T06:39:14+00:00","og_image":[{"url":"https:\/\/www.speedefy.com\/wp-content\/uploads\/2021\/07\/channelamazon.png","type":"","width":"","height":""}],"twitter_card":"summary_large_image","schema":{"@context":"https:\/\/schema.org","@graph":[{"@type":"WebPage","@id":"https:\/\/www.speedefy.com\/fr\/ou-acheter\/","url":"https:\/\/www.speedefy.com\/fr\/ou-acheter\/","name":"O\u00f9 acheter - Speedefy WiFi Router","isPartOf":{"@id":"https:\/\/www.speedefy.com\/fr\/#website"},"primaryImageOfPage":{"@id":"https:\/\/www.speedefy.com\/fr\/ou-acheter\/#primaryimage"},"image":{"@id":"https:\/\/www.speedefy.com\/fr\/ou-acheter\/#primaryimage"},"thumbnailUrl":"https:\/\/www.speedefy.com\/wp-content\/uploads\/2021\/07\/channelamazon.png","datePublished":"2022-04-21T08:34:17+00:00","dateModified":"2023-09-25T06:39:14+00:00","breadcrumb":{"@id":"https:\/\/www.speedefy.com\/fr\/ou-acheter\/#breadcrumb"},"inLanguage":"fr-FR","potentialAction":[{"@type":"ReadAction","target":["https:\/\/www.speedefy.com\/fr\/ou-acheter\/"]}]},{"@type":"ImageObject","inLanguage":"fr-FR","@id":"https:\/\/www.speedefy.com\/fr\/ou-acheter\/#primaryimage","url":"https:\/\/www.speedefy.com\/wp-content\/uploads\/2021\/07\/channelamazon.png","contentUrl":"https:\/\/www.speedefy.com\/wp-content\/uploads\/2021\/07\/channelamazon.png"},{"@type":"BreadcrumbList","@id":"https:\/\/www.speedefy.com\/fr\/ou-acheter\/#breadcrumb","itemListElement":[{"@type":"ListItem","position":1,"name":"Home","item":"https:\/\/www.speedefy.com\/fr\/page-daccueil-de-speedefy\/"},{"@type":"ListItem","position":2,"name":"O\u00f9 acheter"}]},{"@type":"WebSite","@id":"https:\/\/www.speedefy.com\/fr\/#website","url":"https:\/\/www.speedefy.com\/fr\/","name":"Speedefy WiFi Router","description":"The best wireless routers for fast internet","publisher":{"@id":"https:\/\/www.speedefy.com\/fr\/#organization"},"potentialAction":[{"@type":"SearchAction","target":{"@type":"EntryPoint","urlTemplate":"https:\/\/www.speedefy.com\/fr\/?s={search_term_string}"},"query-input":{"@type":"PropertyValueSpecification","valueRequired":true,"valueName":"search_term_string"}}],"inLanguage":"fr-FR"},{"@type":"Organization","@id":"https:\/\/www.speedefy.com\/fr\/#organization","name":"Speedefy","url":"https:\/\/www.speedefy.com\/fr\/","logo":{"@type":"ImageObject","inLanguage":"fr-FR","@id":"https:\/\/www.speedefy.com\/fr\/#\/schema\/logo\/image\/","url":"https:\/\/www.speedefy.com\/wp-content\/uploads\/2021\/11\/cropped-speedefy_700-small-1-e1638182577555.png","contentUrl":"https:\/\/www.speedefy.com\/wp-content\/uploads\/2021\/11\/cropped-speedefy_700-small-1-e1638182577555.png","width":200,"height":46,"caption":"Speedefy"},"image":{"@id":"https:\/\/www.speedefy.com\/fr\/#\/schema\/logo\/image\/"}}]}},"_links":{"self":[{"href":"https:\/\/www.speedefy.com\/fr\/wp-json\/wp\/v2\/pages\/3555","targetHints":{"allow":["GET"]}}],"collection":[{"href":"https:\/\/www.speedefy.com\/fr\/wp-json\/wp\/v2\/pages"}],"about":[{"href":"https:\/\/www.speedefy.com\/fr\/wp-json\/wp\/v2\/types\/page"}],"author":[{"embeddable":true,"href":"https:\/\/www.speedefy.com\/fr\/wp-json\/wp\/v2\/users\/1"}],"replies":[{"embeddable":true,"href":"https:\/\/www.speedefy.com\/fr\/wp-json\/wp\/v2\/comments?post=3555"}],"version-history":[{"count":2,"href":"https:\/\/www.speedefy.com\/fr\/wp-json\/wp\/v2\/pages\/3555\/revisions"}],"predecessor-version":[{"id":3578,"href":"https:\/\/www.speedefy.com\/fr\/wp-json\/wp\/v2\/pages\/3555\/revisions\/3578"}],"wp:attachment":[{"href":"https:\/\/www.speedefy.com\/fr\/wp-json\/wp\/v2\/media?parent=3555"}],"curies":[{"name":"wp","href":"https:\/\/api.w.org\/{rel}","templated":true}]}}