{"id":3873,"date":"2021-05-14T06:04:35","date_gmt":"2021-05-13T22:04:35","guid":{"rendered":"https:\/\/www.speedefy.com\/seleccione-el-modelo-guia-de-configuracion-del-enrutador-wifi-speedefy-videos\/"},"modified":"2023-09-25T14:41:21","modified_gmt":"2023-09-25T06:41:21","slug":"seleccione-el-modelo-guia-de-configuracion-del-enrutador-wifi-speedefy-videos","status":"publish","type":"page","link":"https:\/\/www.speedefy.com\/es\/seleccione-el-modelo-guia-de-configuracion-del-enrutador-wifi-speedefy-videos\/","title":{"rendered":"Seleccione el modelo &#8211; Gu\u00eda de configuraci\u00f3n del enrutador WiFi Speedefy Videos"},"content":{"rendered":"\t\t<div data-elementor-type=\"wp-page\" data-elementor-id=\"3873\" class=\"elementor elementor-3873 elementor-386\" data-elementor-post-type=\"page\">\n\t\t\t\t\t\t<section class=\"elementor-section elementor-top-section elementor-element elementor-element-11bbc3fa elementor-section-boxed elementor-section-height-default elementor-section-height-default\" data-id=\"11bbc3fa\" data-element_type=\"section\" data-e-type=\"section\" data-settings=\"{&quot;background_background&quot;:&quot;classic&quot;}\">\n\t\t\t\t\t\t<div class=\"elementor-container elementor-column-gap-default\">\n\t\t\t\t\t<div class=\"elementor-column elementor-col-50 elementor-top-column elementor-element elementor-element-7516cebe\" data-id=\"7516cebe\" data-element_type=\"column\" data-e-type=\"column\">\n\t\t\t<div class=\"elementor-widget-wrap elementor-element-populated\">\n\t\t\t\t\t\t<div class=\"elementor-element elementor-element-461ca161 elementor-headline--style-highlight elementor-widget elementor-widget-animated-headline\" data-id=\"461ca161\" data-element_type=\"widget\" data-e-type=\"widget\" data-settings=\"{&quot;highlighted_text&quot;:&quot;Bienvenido&quot;,&quot;highlight_animation_duration&quot;:2000,&quot;headline_style&quot;:&quot;highlight&quot;,&quot;marker&quot;:&quot;circle&quot;}\" data-widget_type=\"animated-headline.default\">\n\t\t\t\t\t\t\t<h3 class=\"elementor-headline\">\n\t\t\t\t<span class=\"elementor-headline-dynamic-wrapper elementor-headline-text-wrapper\">\n\t\t\t\t\t<span class=\"elementor-headline-dynamic-text elementor-headline-text-active\">Bienvenido<\/span>\n\t\t\t\t<\/span>\n\t\t\t\t\t<span class=\"elementor-headline-plain-text elementor-headline-text-wrapper\">Para<\/span>\n\t\t\t\t\t<\/h3>\n\t\t\t\t\t\t<\/div>\n\t\t\t\t\t<\/div>\n\t\t<\/div>\n\t\t\t\t<div class=\"elementor-column elementor-col-50 elementor-top-column elementor-element elementor-element-3924cf34\" data-id=\"3924cf34\" data-element_type=\"column\" data-e-type=\"column\">\n\t\t\t<div class=\"elementor-widget-wrap elementor-element-populated\">\n\t\t\t\t\t\t<div class=\"elementor-element elementor-element-2e890973 elementor-widget elementor-widget-text-editor\" data-id=\"2e890973\" data-element_type=\"widget\" data-e-type=\"widget\" data-widget_type=\"text-editor.default\">\n\t\t\t\t\t\t\t\t\t<h2><strong>Atenci\u00f3n al cliente de Speedefy<\/strong><\/h2>\n<h2><strong>P\u00e1gina de la gu\u00eda de configuraci\u00f3n<\/strong><\/h2>\t\t\t\t\t\t\t\t<\/div>\n\t\t\t\t\t<\/div>\n\t\t<\/div>\n\t\t\t\t\t<\/div>\n\t\t<\/section>\n\t\t\t\t<section class=\"elementor-section elementor-top-section elementor-element elementor-element-717cd2fd elementor-section-boxed elementor-section-height-default elementor-section-height-default\" data-id=\"717cd2fd\" data-element_type=\"section\" data-e-type=\"section\">\n\t\t\t\t\t\t<div class=\"elementor-container elementor-column-gap-default\">\n\t\t\t\t\t<div class=\"elementor-column elementor-col-100 elementor-top-column elementor-element elementor-element-2f142a\" data-id=\"2f142a\" data-element_type=\"column\" data-e-type=\"column\">\n\t\t\t<div class=\"elementor-widget-wrap elementor-element-populated\">\n\t\t\t\t\t\t<div class=\"elementor-element elementor-element-008cfdb elementor-widget elementor-widget-heading\" data-id=\"008cfdb\" data-element_type=\"widget\" data-e-type=\"widget\" data-widget_type=\"heading.default\">\n\t\t\t\t\t<h2 class=\"elementor-heading-title elementor-size-xl\">\u00bfQu\u00e9 modelo compraste?<\/h2>\t\t\t\t<\/div>\n\t\t\t\t<div class=\"elementor-element elementor-element-45e9ce0 elementor-widget elementor-widget-text-editor\" data-id=\"45e9ce0\" data-element_type=\"widget\" data-e-type=\"widget\" data-widget_type=\"text-editor.default\">\n\t\t\t\t\t\t\t\t\t<p><strong>Seleccione el modelo que compr\u00f3 y lo redirigiremos a la p\u00e1gina de video de configuraci\u00f3n.<\/strong><\/p>\n\t\t\t\t\t\t\t\t<\/div>\n\t\t\t\t\t<\/div>\n\t\t<\/div>\n\t\t\t\t\t<\/div>\n\t\t<\/section>\n\t\t\t\t<section class=\"elementor-section elementor-top-section elementor-element elementor-element-62dd1cc elementor-section-boxed elementor-section-height-default elementor-section-height-default\" data-id=\"62dd1cc\" data-element_type=\"section\" data-e-type=\"section\">\n\t\t\t\t\t\t<div class=\"elementor-container elementor-column-gap-default\">\n\t\t\t\t\t<div class=\"elementor-column elementor-col-20 elementor-top-column elementor-element elementor-element-96ee87e\" data-id=\"96ee87e\" data-element_type=\"column\" data-e-type=\"column\">\n\t\t\t<div class=\"elementor-widget-wrap elementor-element-populated\">\n\t\t\t\t\t\t<div class=\"elementor-element elementor-element-a22506f elementor-headline--style-highlight elementor-widget elementor-widget-animated-headline\" data-id=\"a22506f\" data-element_type=\"widget\" data-e-type=\"widget\" data-settings=\"{&quot;highlighted_text&quot;:&quot;K4&quot;,&quot;headline_style&quot;:&quot;highlight&quot;,&quot;marker&quot;:&quot;circle&quot;,&quot;highlight_animation_duration&quot;:1200}\" data-widget_type=\"animated-headline.default\">\n\t\t\t\t\t\t\t\t<a href=\"https:\/\/www.speedefy.com\/ac1200-dual-band-wifi-router-model-k4\/video\/\">\n\n\t\t\t\t\t<h3 class=\"elementor-headline\">\n\t\t\t\t<span class=\"elementor-headline-dynamic-wrapper elementor-headline-text-wrapper\">\n\t\t\t\t\t<span class=\"elementor-headline-dynamic-text elementor-headline-text-active\">K4<\/span>\n\t\t\t\t<\/span>\n\t\t\t\t<\/h3>\n\t\t<\/a>\t\t\t\t<\/div>\n\t\t\t\t\t<\/div>\n\t\t<\/div>\n\t\t\t\t<div class=\"elementor-column elementor-col-20 elementor-top-column elementor-element elementor-element-7fb3951\" data-id=\"7fb3951\" data-element_type=\"column\" data-e-type=\"column\">\n\t\t\t<div class=\"elementor-widget-wrap elementor-element-populated\">\n\t\t\t\t\t\t<div class=\"elementor-element elementor-element-ce0caa6 elementor-headline--style-highlight elementor-widget elementor-widget-animated-headline\" data-id=\"ce0caa6\" data-element_type=\"widget\" data-e-type=\"widget\" data-settings=\"{&quot;highlighted_text&quot;:&quot;K7&quot;,&quot;headline_style&quot;:&quot;highlight&quot;,&quot;marker&quot;:&quot;circle&quot;,&quot;highlight_animation_duration&quot;:1200}\" data-widget_type=\"animated-headline.default\">\n\t\t\t\t\t\t\t\t<a href=\"https:\/\/www.speedefy.com\/k7\/video\/\">\n\n\t\t\t\t\t<h3 class=\"elementor-headline\">\n\t\t\t\t<span class=\"elementor-headline-dynamic-wrapper elementor-headline-text-wrapper\">\n\t\t\t\t\t<span class=\"elementor-headline-dynamic-text elementor-headline-text-active\">K7<\/span>\n\t\t\t\t<\/span>\n\t\t\t\t<\/h3>\n\t\t<\/a>\t\t\t\t<\/div>\n\t\t\t\t\t<\/div>\n\t\t<\/div>\n\t\t\t\t<div class=\"elementor-column elementor-col-20 elementor-top-column elementor-element elementor-element-ac79648\" data-id=\"ac79648\" data-element_type=\"column\" data-e-type=\"column\">\n\t\t\t<div class=\"elementor-widget-wrap elementor-element-populated\">\n\t\t\t\t\t\t<div class=\"elementor-element elementor-element-ddf1f08 elementor-headline--style-highlight elementor-widget elementor-widget-animated-headline\" data-id=\"ddf1f08\" data-element_type=\"widget\" data-e-type=\"widget\" data-settings=\"{&quot;highlighted_text&quot;:&quot;K7w&quot;,&quot;headline_style&quot;:&quot;highlight&quot;,&quot;marker&quot;:&quot;circle&quot;,&quot;highlight_animation_duration&quot;:1200}\" data-widget_type=\"animated-headline.default\">\n\t\t\t\t\t\t\t\t<a href=\"https:\/\/www.speedefy.com\/k7\/video\/\">\n\n\t\t\t\t\t<h3 class=\"elementor-headline\">\n\t\t\t\t<span class=\"elementor-headline-dynamic-wrapper elementor-headline-text-wrapper\">\n\t\t\t\t\t<span class=\"elementor-headline-dynamic-text elementor-headline-text-active\">K7w<\/span>\n\t\t\t\t<\/span>\n\t\t\t\t<\/h3>\n\t\t<\/a>\t\t\t\t<\/div>\n\t\t\t\t\t<\/div>\n\t\t<\/div>\n\t\t\t\t<div class=\"elementor-column elementor-col-20 elementor-top-column elementor-element elementor-element-b4c7d6c\" data-id=\"b4c7d6c\" data-element_type=\"column\" data-e-type=\"column\">\n\t\t\t<div class=\"elementor-widget-wrap elementor-element-populated\">\n\t\t\t\t\t\t<div class=\"elementor-element elementor-element-399db05 elementor-headline--style-highlight elementor-widget elementor-widget-animated-headline\" data-id=\"399db05\" data-element_type=\"widget\" data-e-type=\"widget\" data-settings=\"{&quot;highlighted_text&quot;:&quot;K8&quot;,&quot;headline_style&quot;:&quot;highlight&quot;,&quot;marker&quot;:&quot;circle&quot;,&quot;highlight_animation_duration&quot;:1200}\" data-widget_type=\"animated-headline.default\">\n\t\t\t\t\t\t\t\t<a href=\"https:\/\/www.speedefy.com\/es\/guia-de-video-de-configuracion-rapida-speedefy-k8-router-wifi-de-alta-velocidad\/\">\n\n\t\t\t\t\t<h3 class=\"elementor-headline\">\n\t\t\t\t<span class=\"elementor-headline-dynamic-wrapper elementor-headline-text-wrapper\">\n\t\t\t\t\t<span class=\"elementor-headline-dynamic-text elementor-headline-text-active\">K8<\/span>\n\t\t\t\t<\/span>\n\t\t\t\t<\/h3>\n\t\t<\/a>\t\t\t\t<\/div>\n\t\t\t\t\t<\/div>\n\t\t<\/div>\n\t\t\t\t<div class=\"elementor-column elementor-col-20 elementor-top-column elementor-element elementor-element-84fb053\" data-id=\"84fb053\" data-element_type=\"column\" data-e-type=\"column\">\n\t\t\t<div class=\"elementor-widget-wrap elementor-element-populated\">\n\t\t\t\t\t\t<div class=\"elementor-element elementor-element-4540925 elementor-headline--style-highlight elementor-widget elementor-widget-animated-headline\" data-id=\"4540925\" data-element_type=\"widget\" data-e-type=\"widget\" data-settings=\"{&quot;highlighted_text&quot;:&quot;KX450&quot;,&quot;headline_style&quot;:&quot;highlight&quot;,&quot;marker&quot;:&quot;circle&quot;,&quot;highlight_animation_duration&quot;:1200}\" data-widget_type=\"animated-headline.default\">\n\t\t\t\t\t\t\t\t<a href=\"https:\/\/www.speedefy.com\/es\/speedefy-ax1800-wifi-6-router-modelo-kx450-guia-de-video-de-configuracion-rapida\/\">\n\n\t\t\t\t\t<h3 class=\"elementor-headline\">\n\t\t\t\t<span class=\"elementor-headline-dynamic-wrapper elementor-headline-text-wrapper\">\n\t\t\t\t\t<span class=\"elementor-headline-dynamic-text elementor-headline-text-active\">KX450<\/span>\n\t\t\t\t<\/span>\n\t\t\t\t<\/h3>\n\t\t<\/a>\t\t\t\t<\/div>\n\t\t\t\t\t<\/div>\n\t\t<\/div>\n\t\t\t\t\t<\/div>\n\t\t<\/section>\n\t\t\t\t<section class=\"elementor-section elementor-top-section elementor-element elementor-element-debc1a7 elementor-section-boxed elementor-section-height-default elementor-section-height-default\" data-id=\"debc1a7\" data-element_type=\"section\" data-e-type=\"section\">\n\t\t\t\t\t\t<div class=\"elementor-container elementor-column-gap-default\">\n\t\t\t\t\t<div class=\"elementor-column elementor-col-100 elementor-top-column elementor-element elementor-element-d3fc0f8\" data-id=\"d3fc0f8\" data-element_type=\"column\" data-e-type=\"column\">\n\t\t\t<div class=\"elementor-widget-wrap elementor-element-populated\">\n\t\t\t\t\t\t<div class=\"elementor-element elementor-element-3a3f466 elementor-widget-divider--view-line elementor-widget elementor-widget-divider\" data-id=\"3a3f466\" data-element_type=\"widget\" data-e-type=\"widget\" data-widget_type=\"divider.default\">\n\t\t\t\t\t\t\t<div class=\"elementor-divider\">\n\t\t\t<span class=\"elementor-divider-separator\">\n\t\t\t\t\t\t<\/span>\n\t\t<\/div>\n\t\t\t\t\t\t<\/div>\n\t\t\t\t\t<\/div>\n\t\t<\/div>\n\t\t\t\t\t<\/div>\n\t\t<\/section>\n\t\t\t\t<section class=\"elementor-section elementor-top-section elementor-element elementor-element-6b04efc elementor-section-boxed elementor-section-height-default elementor-section-height-default\" data-id=\"6b04efc\" data-element_type=\"section\" data-e-type=\"section\">\n\t\t\t\t\t\t<div class=\"elementor-container elementor-column-gap-default\">\n\t\t\t\t\t<div class=\"elementor-column elementor-col-50 elementor-top-column elementor-element elementor-element-060614e\" data-id=\"060614e\" data-element_type=\"column\" data-e-type=\"column\">\n\t\t\t<div class=\"elementor-widget-wrap elementor-element-populated\">\n\t\t\t\t\t\t<div class=\"elementor-element elementor-element-95aa66f elementor-widget elementor-widget-heading\" data-id=\"95aa66f\" data-element_type=\"widget\" data-e-type=\"widget\" data-widget_type=\"heading.default\">\n\t\t\t\t\t<h2 class=\"elementor-heading-title elementor-size-large\"><a href=\"https:\/\/support.speedefy.com\/en\/articles\/4974369-how-to-set-up-a-speedefy-wifi-router\">\u00bfNo estoy seguro? Lea el art\u00edculo de la gu\u00eda de configuraci\u00f3n \u2192<\/a><\/h2>\t\t\t\t<\/div>\n\t\t\t\t\t<\/div>\n\t\t<\/div>\n\t\t\t\t<div class=\"elementor-column elementor-col-50 elementor-top-column elementor-element elementor-element-ac5ceb8\" data-id=\"ac5ceb8\" data-element_type=\"column\" data-e-type=\"column\">\n\t\t\t<div class=\"elementor-widget-wrap elementor-element-populated\">\n\t\t\t\t\t\t<div class=\"elementor-element elementor-element-2ac8a82 elementor-align-center elementor-widget elementor-widget-button\" data-id=\"2ac8a82\" data-element_type=\"widget\" data-e-type=\"widget\" data-widget_type=\"button.default\">\n\t\t\t\t\t\t\t\t\t\t<a class=\"elementor-button elementor-button-link elementor-size-lg\" href=\"https:\/\/support.speedefy.com\/en\/articles\/4974369-how-to-set-up-a-speedefy-wifi-router\">\n\t\t\t\t\t\t<span class=\"elementor-button-content-wrapper\">\n\t\t\t\t\t\t\t\t\t<span class=\"elementor-button-text\">L\u00e9elo aqu\u00ed<\/span>\n\t\t\t\t\t<\/span>\n\t\t\t\t\t<\/a>\n\t\t\t\t\t\t\t\t<\/div>\n\t\t\t\t\t<\/div>\n\t\t<\/div>\n\t\t\t\t\t<\/div>\n\t\t<\/section>\n\t\t\t\t<section class=\"elementor-section elementor-top-section elementor-element elementor-element-0964ef1 elementor-section-boxed elementor-section-height-default elementor-section-height-default\" data-id=\"0964ef1\" data-element_type=\"section\" data-e-type=\"section\">\n\t\t\t\t\t\t<div class=\"elementor-container elementor-column-gap-default\">\n\t\t\t\t\t<div class=\"elementor-column elementor-col-100 elementor-top-column elementor-element elementor-element-5dfbbc7\" data-id=\"5dfbbc7\" data-element_type=\"column\" data-e-type=\"column\">\n\t\t\t<div class=\"elementor-widget-wrap elementor-element-populated\">\n\t\t\t\t\t\t<div class=\"elementor-element elementor-element-72d8f64 elementor-widget-divider--view-line elementor-widget elementor-widget-divider\" data-id=\"72d8f64\" data-element_type=\"widget\" data-e-type=\"widget\" data-widget_type=\"divider.default\">\n\t\t\t\t\t\t\t<div class=\"elementor-divider\">\n\t\t\t<span class=\"elementor-divider-separator\">\n\t\t\t\t\t\t<\/span>\n\t\t<\/div>\n\t\t\t\t\t\t<\/div>\n\t\t\t\t\t<\/div>\n\t\t<\/div>\n\t\t\t\t\t<\/div>\n\t\t<\/section>\n\t\t\t\t<section class=\"elementor-section elementor-top-section elementor-element elementor-element-7f34e34 elementor-section-boxed elementor-section-height-default elementor-section-height-default\" data-id=\"7f34e34\" data-element_type=\"section\" data-e-type=\"section\">\n\t\t\t\t\t\t<div class=\"elementor-container elementor-column-gap-default\">\n\t\t\t\t\t<div class=\"elementor-column elementor-col-50 elementor-top-column elementor-element elementor-element-0c94ef9\" data-id=\"0c94ef9\" data-element_type=\"column\" data-e-type=\"column\">\n\t\t\t<div class=\"elementor-widget-wrap elementor-element-populated\">\n\t\t\t\t\t\t<div class=\"elementor-element elementor-element-cf11e17 elementor-widget elementor-widget-heading\" data-id=\"cf11e17\" data-element_type=\"widget\" data-e-type=\"widget\" data-widget_type=\"heading.default\">\n\t\t\t\t\t<h2 class=\"elementor-heading-title elementor-size-large\"><a href=\"https:\/\/www.speedefy.com\/help\/\">\u00bfA\u00fan necesita ayuda? P\u00f3ngase en contacto con el \u2192 de soporte de Speedefy<br><\/a><\/h2>\t\t\t\t<\/div>\n\t\t\t\t\t<\/div>\n\t\t<\/div>\n\t\t\t\t<div class=\"elementor-column elementor-col-50 elementor-top-column elementor-element elementor-element-4281890\" data-id=\"4281890\" data-element_type=\"column\" data-e-type=\"column\">\n\t\t\t<div class=\"elementor-widget-wrap elementor-element-populated\">\n\t\t\t\t\t\t<div class=\"elementor-element elementor-element-042d851 elementor-align-center elementor-widget elementor-widget-button\" data-id=\"042d851\" data-element_type=\"widget\" data-e-type=\"widget\" data-widget_type=\"button.default\">\n\t\t\t\t\t\t\t\t\t\t<a class=\"elementor-button elementor-button-link elementor-size-lg\" href=\"https:\/\/www.speedefy.com\/help\/\">\n\t\t\t\t\t\t<span class=\"elementor-button-content-wrapper\">\n\t\t\t\t\t\t\t\t\t<span class=\"elementor-button-text\">Contacta con Speedefy<\/span>\n\t\t\t\t\t<\/span>\n\t\t\t\t\t<\/a>\n\t\t\t\t\t\t\t\t<\/div>\n\t\t\t\t\t<\/div>\n\t\t<\/div>\n\t\t\t\t\t<\/div>\n\t\t<\/section>\n\t\t\t\t<\/div>\n\t\t","protected":false},"excerpt":{"rendered":"<p>Bienvenido Para Atenci\u00f3n al cliente de Speedefy P\u00e1gina de la gu\u00eda de configuraci\u00f3n \u00bfQu\u00e9 modelo compraste? Seleccione el modelo que compr\u00f3 y lo redirigiremos a la p\u00e1gina de video de configuraci\u00f3n. K4 K7 K7w K8 KX450 \u00bfNo estoy seguro? Lea el art\u00edculo de la gu\u00eda de configuraci\u00f3n \u2192 L\u00e9elo aqu\u00ed \u00bfA\u00fan necesita ayuda? P\u00f3ngase en [&hellip;]<\/p>\n","protected":false},"author":1,"featured_media":0,"parent":0,"menu_order":0,"comment_status":"closed","ping_status":"closed","template":"","meta":{"footnotes":""},"class_list":["post-3873","page","type-page","status-publish","hentry"],"yoast_head":"<!-- This site is optimized with the Yoast SEO plugin v27.5 - https:\/\/yoast.com\/product\/yoast-seo-wordpress\/ -->\n<title>C\u00f3mo configurar una configuraci\u00f3n de enrutador WiFi Speedefy - Videos de gu\u00eda<\/title>\n<meta name=\"description\" content=\"Obtenga m\u00e1s informaci\u00f3n sobre c\u00f3mo configurar su nuevo enrutador WiFi Speedefy (K4, K7, K7W, K8 o KX450) Vea nuestros videos de instalaci\u00f3n antes de comenzar.\" \/>\n<meta name=\"robots\" content=\"index, follow, max-snippet:-1, max-video-preview:-1, noimageindex\" \/>\n<link rel=\"canonical\" href=\"https:\/\/www.speedefy.com\/es\/seleccione-el-modelo-guia-de-configuracion-del-enrutador-wifi-speedefy-videos\/\" \/>\n<meta property=\"og:locale\" content=\"es_ES\" \/>\n<meta property=\"og:type\" content=\"article\" \/>\n<meta property=\"og:title\" content=\"C\u00f3mo configurar una configuraci\u00f3n de enrutador WiFi Speedefy - Videos de gu\u00eda\" \/>\n<meta property=\"og:description\" content=\"Obtenga m\u00e1s informaci\u00f3n sobre c\u00f3mo configurar su nuevo enrutador WiFi Speedefy (K4, K7, K7W, K8 o KX450) Vea nuestros videos de instalaci\u00f3n antes de comenzar.\" \/>\n<meta property=\"og:url\" content=\"https:\/\/www.speedefy.com\/es\/seleccione-el-modelo-guia-de-configuracion-del-enrutador-wifi-speedefy-videos\/\" \/>\n<meta property=\"og:site_name\" content=\"Speedefy WiFi Router\" \/>\n<meta property=\"article:modified_time\" content=\"2023-09-25T06:41:21+00:00\" \/>\n<meta name=\"twitter:card\" content=\"summary_large_image\" \/>\n<script type=\"application\/ld+json\" class=\"yoast-schema-graph\">{\"@context\":\"https:\\\/\\\/schema.org\",\"@graph\":[{\"@type\":\"WebPage\",\"@id\":\"https:\\\/\\\/www.speedefy.com\\\/es\\\/seleccione-el-modelo-guia-de-configuracion-del-enrutador-wifi-speedefy-videos\\\/\",\"url\":\"https:\\\/\\\/www.speedefy.com\\\/es\\\/seleccione-el-modelo-guia-de-configuracion-del-enrutador-wifi-speedefy-videos\\\/\",\"name\":\"C\u00f3mo configurar una configuraci\u00f3n de enrutador WiFi Speedefy - Videos de gu\u00eda\",\"isPartOf\":{\"@id\":\"https:\\\/\\\/www.speedefy.com\\\/es\\\/#website\"},\"datePublished\":\"2021-05-13T22:04:35+00:00\",\"dateModified\":\"2023-09-25T06:41:21+00:00\",\"description\":\"Obtenga m\u00e1s informaci\u00f3n sobre c\u00f3mo configurar su nuevo enrutador WiFi Speedefy (K4, K7, K7W, K8 o KX450) Vea nuestros videos de instalaci\u00f3n antes de comenzar.\",\"breadcrumb\":{\"@id\":\"https:\\\/\\\/www.speedefy.com\\\/es\\\/seleccione-el-modelo-guia-de-configuracion-del-enrutador-wifi-speedefy-videos\\\/#breadcrumb\"},\"inLanguage\":\"es\",\"potentialAction\":[{\"@type\":\"ReadAction\",\"target\":[\"https:\\\/\\\/www.speedefy.com\\\/es\\\/seleccione-el-modelo-guia-de-configuracion-del-enrutador-wifi-speedefy-videos\\\/\"]}]},{\"@type\":\"BreadcrumbList\",\"@id\":\"https:\\\/\\\/www.speedefy.com\\\/es\\\/seleccione-el-modelo-guia-de-configuracion-del-enrutador-wifi-speedefy-videos\\\/#breadcrumb\",\"itemListElement\":[{\"@type\":\"ListItem\",\"position\":1,\"name\":\"Home\",\"item\":\"https:\\\/\\\/www.speedefy.com\\\/es\\\/pagina-de-inicio-de-speedefy\\\/\"},{\"@type\":\"ListItem\",\"position\":2,\"name\":\"Seleccione el modelo &#8211; Gu\u00eda de configuraci\u00f3n del enrutador WiFi Speedefy Videos\"}]},{\"@type\":\"WebSite\",\"@id\":\"https:\\\/\\\/www.speedefy.com\\\/es\\\/#website\",\"url\":\"https:\\\/\\\/www.speedefy.com\\\/es\\\/\",\"name\":\"Speedefy WiFi Router\",\"description\":\"The best wireless routers for fast internet\",\"publisher\":{\"@id\":\"https:\\\/\\\/www.speedefy.com\\\/es\\\/#organization\"},\"potentialAction\":[{\"@type\":\"SearchAction\",\"target\":{\"@type\":\"EntryPoint\",\"urlTemplate\":\"https:\\\/\\\/www.speedefy.com\\\/es\\\/?s={search_term_string}\"},\"query-input\":{\"@type\":\"PropertyValueSpecification\",\"valueRequired\":true,\"valueName\":\"search_term_string\"}}],\"inLanguage\":\"es\"},{\"@type\":\"Organization\",\"@id\":\"https:\\\/\\\/www.speedefy.com\\\/es\\\/#organization\",\"name\":\"Speedefy\",\"url\":\"https:\\\/\\\/www.speedefy.com\\\/es\\\/\",\"logo\":{\"@type\":\"ImageObject\",\"inLanguage\":\"es\",\"@id\":\"https:\\\/\\\/www.speedefy.com\\\/es\\\/#\\\/schema\\\/logo\\\/image\\\/\",\"url\":\"https:\\\/\\\/www.speedefy.com\\\/wp-content\\\/uploads\\\/2021\\\/11\\\/cropped-speedefy_700-small-1-e1638182577555.png\",\"contentUrl\":\"https:\\\/\\\/www.speedefy.com\\\/wp-content\\\/uploads\\\/2021\\\/11\\\/cropped-speedefy_700-small-1-e1638182577555.png\",\"width\":200,\"height\":46,\"caption\":\"Speedefy\"},\"image\":{\"@id\":\"https:\\\/\\\/www.speedefy.com\\\/es\\\/#\\\/schema\\\/logo\\\/image\\\/\"}}]}<\/script>\n<!-- \/ Yoast SEO plugin. -->","yoast_head_json":{"title":"C\u00f3mo configurar una configuraci\u00f3n de enrutador WiFi Speedefy - Videos de gu\u00eda","description":"Obtenga m\u00e1s informaci\u00f3n sobre c\u00f3mo configurar su nuevo enrutador WiFi Speedefy (K4, K7, K7W, K8 o KX450) Vea nuestros videos de instalaci\u00f3n antes de comenzar.","robots":{"index":"index","follow":"follow","max-snippet":"max-snippet:-1","max-video-preview":"max-video-preview:-1","imageindex":"noimageindex"},"canonical":"https:\/\/www.speedefy.com\/es\/seleccione-el-modelo-guia-de-configuracion-del-enrutador-wifi-speedefy-videos\/","og_locale":"es_ES","og_type":"article","og_title":"C\u00f3mo configurar una configuraci\u00f3n de enrutador WiFi Speedefy - Videos de gu\u00eda","og_description":"Obtenga m\u00e1s informaci\u00f3n sobre c\u00f3mo configurar su nuevo enrutador WiFi Speedefy (K4, K7, K7W, K8 o KX450) Vea nuestros videos de instalaci\u00f3n antes de comenzar.","og_url":"https:\/\/www.speedefy.com\/es\/seleccione-el-modelo-guia-de-configuracion-del-enrutador-wifi-speedefy-videos\/","og_site_name":"Speedefy WiFi Router","article_modified_time":"2023-09-25T06:41:21+00:00","twitter_card":"summary_large_image","schema":{"@context":"https:\/\/schema.org","@graph":[{"@type":"WebPage","@id":"https:\/\/www.speedefy.com\/es\/seleccione-el-modelo-guia-de-configuracion-del-enrutador-wifi-speedefy-videos\/","url":"https:\/\/www.speedefy.com\/es\/seleccione-el-modelo-guia-de-configuracion-del-enrutador-wifi-speedefy-videos\/","name":"C\u00f3mo configurar una configuraci\u00f3n de enrutador WiFi Speedefy - Videos de gu\u00eda","isPartOf":{"@id":"https:\/\/www.speedefy.com\/es\/#website"},"datePublished":"2021-05-13T22:04:35+00:00","dateModified":"2023-09-25T06:41:21+00:00","description":"Obtenga m\u00e1s informaci\u00f3n sobre c\u00f3mo configurar su nuevo enrutador WiFi Speedefy (K4, K7, K7W, K8 o KX450) Vea nuestros videos de instalaci\u00f3n antes de comenzar.","breadcrumb":{"@id":"https:\/\/www.speedefy.com\/es\/seleccione-el-modelo-guia-de-configuracion-del-enrutador-wifi-speedefy-videos\/#breadcrumb"},"inLanguage":"es","potentialAction":[{"@type":"ReadAction","target":["https:\/\/www.speedefy.com\/es\/seleccione-el-modelo-guia-de-configuracion-del-enrutador-wifi-speedefy-videos\/"]}]},{"@type":"BreadcrumbList","@id":"https:\/\/www.speedefy.com\/es\/seleccione-el-modelo-guia-de-configuracion-del-enrutador-wifi-speedefy-videos\/#breadcrumb","itemListElement":[{"@type":"ListItem","position":1,"name":"Home","item":"https:\/\/www.speedefy.com\/es\/pagina-de-inicio-de-speedefy\/"},{"@type":"ListItem","position":2,"name":"Seleccione el modelo &#8211; Gu\u00eda de configuraci\u00f3n del enrutador WiFi Speedefy Videos"}]},{"@type":"WebSite","@id":"https:\/\/www.speedefy.com\/es\/#website","url":"https:\/\/www.speedefy.com\/es\/","name":"Speedefy WiFi Router","description":"The best wireless routers for fast internet","publisher":{"@id":"https:\/\/www.speedefy.com\/es\/#organization"},"potentialAction":[{"@type":"SearchAction","target":{"@type":"EntryPoint","urlTemplate":"https:\/\/www.speedefy.com\/es\/?s={search_term_string}"},"query-input":{"@type":"PropertyValueSpecification","valueRequired":true,"valueName":"search_term_string"}}],"inLanguage":"es"},{"@type":"Organization","@id":"https:\/\/www.speedefy.com\/es\/#organization","name":"Speedefy","url":"https:\/\/www.speedefy.com\/es\/","logo":{"@type":"ImageObject","inLanguage":"es","@id":"https:\/\/www.speedefy.com\/es\/#\/schema\/logo\/image\/","url":"https:\/\/www.speedefy.com\/wp-content\/uploads\/2021\/11\/cropped-speedefy_700-small-1-e1638182577555.png","contentUrl":"https:\/\/www.speedefy.com\/wp-content\/uploads\/2021\/11\/cropped-speedefy_700-small-1-e1638182577555.png","width":200,"height":46,"caption":"Speedefy"},"image":{"@id":"https:\/\/www.speedefy.com\/es\/#\/schema\/logo\/image\/"}}]}},"_links":{"self":[{"href":"https:\/\/www.speedefy.com\/es\/wp-json\/wp\/v2\/pages\/3873","targetHints":{"allow":["GET"]}}],"collection":[{"href":"https:\/\/www.speedefy.com\/es\/wp-json\/wp\/v2\/pages"}],"about":[{"href":"https:\/\/www.speedefy.com\/es\/wp-json\/wp\/v2\/types\/page"}],"author":[{"embeddable":true,"href":"https:\/\/www.speedefy.com\/es\/wp-json\/wp\/v2\/users\/1"}],"replies":[{"embeddable":true,"href":"https:\/\/www.speedefy.com\/es\/wp-json\/wp\/v2\/comments?post=3873"}],"version-history":[{"count":1,"href":"https:\/\/www.speedefy.com\/es\/wp-json\/wp\/v2\/pages\/3873\/revisions"}],"predecessor-version":[{"id":3881,"href":"https:\/\/www.speedefy.com\/es\/wp-json\/wp\/v2\/pages\/3873\/revisions\/3881"}],"wp:attachment":[{"href":"https:\/\/www.speedefy.com\/es\/wp-json\/wp\/v2\/media?parent=3873"}],"curies":[{"name":"wp","href":"https:\/\/api.w.org\/{rel}","templated":true}]}}