{"id":3859,"date":"2021-07-19T07:07:28","date_gmt":"2021-07-18T23:07:28","guid":{"rendered":"https:\/\/www.speedefy.com\/guia-de-video-de-configuracion-rapida-speedefy-k8-router-wifi-de-alta-velocidad\/"},"modified":"2023-09-25T14:41:19","modified_gmt":"2023-09-25T06:41:19","slug":"guia-de-video-de-configuracion-rapida-speedefy-k8-router-wifi-de-alta-velocidad","status":"publish","type":"page","link":"https:\/\/www.speedefy.com\/es\/guia-de-video-de-configuracion-rapida-speedefy-k8-router-wifi-de-alta-velocidad\/","title":{"rendered":"Gu\u00eda de video de configuraci\u00f3n r\u00e1pida &#8211; Speedefy K8 Router WiFi de alta velocidad"},"content":{"rendered":"\t\t<div data-elementor-type=\"wp-page\" data-elementor-id=\"3859\" class=\"elementor elementor-3859 elementor-450\" data-elementor-post-type=\"page\">\n\t\t\t\t\t\t<section class=\"elementor-section elementor-top-section elementor-element elementor-element-22d3034b elementor-section-full_width elementor-section-height-default elementor-section-height-default\" data-id=\"22d3034b\" data-element_type=\"section\" data-e-type=\"section\" data-settings=\"{&quot;background_background&quot;:&quot;classic&quot;}\">\n\t\t\t\t\t\t<div class=\"elementor-container elementor-column-gap-default\">\n\t\t\t\t\t<div class=\"elementor-column elementor-col-100 elementor-top-column elementor-element elementor-element-24b1f90d\" data-id=\"24b1f90d\" data-element_type=\"column\" data-e-type=\"column\">\n\t\t\t<div class=\"elementor-widget-wrap elementor-element-populated\">\n\t\t\t\t\t\t<div class=\"elementor-element elementor-element-1c93eadb elementor-widget elementor-widget-heading\" data-id=\"1c93eadb\" data-element_type=\"widget\" data-e-type=\"widget\" data-widget_type=\"heading.default\">\n\t\t\t\t\t<h1 class=\"elementor-heading-title elementor-size-default\">Gu\u00eda de configuraci\u00f3n para el enrutador WiFi Speedefy K8 AC2100<\/h1>\t\t\t\t<\/div>\n\t\t\t\t\t<\/div>\n\t\t<\/div>\n\t\t\t\t\t<\/div>\n\t\t<\/section>\n\t\t\t\t<section class=\"elementor-section elementor-top-section elementor-element elementor-element-8144a9b elementor-section-boxed elementor-section-height-default elementor-section-height-default\" data-id=\"8144a9b\" data-element_type=\"section\" data-e-type=\"section\">\n\t\t\t\t\t\t<div class=\"elementor-container elementor-column-gap-default\">\n\t\t\t\t\t<div class=\"elementor-column elementor-col-100 elementor-top-column elementor-element elementor-element-8148369\" data-id=\"8148369\" data-element_type=\"column\" data-e-type=\"column\">\n\t\t\t<div class=\"elementor-widget-wrap elementor-element-populated\">\n\t\t\t\t\t\t<div class=\"elementor-element elementor-element-1b77143 elementor-widget elementor-widget-text-editor\" data-id=\"1b77143\" data-element_type=\"widget\" data-e-type=\"widget\" data-widget_type=\"text-editor.default\">\n\t\t\t\t\t\t\t\t\t<h4><strong>Configure su router inal\u00e1mbrico Speedefy en minutos<\/strong><\/h4>\n<ul>\n<li>En este video, demostraremos c\u00f3mo configurar un enrutador WiFi Speedefy K8.<\/li>\n<li>Si tiene alg\u00fan problema con la visualizaci\u00f3n del video, <a href=\"https:\/\/support.speedefy.com\/en\/articles\/4974369-how-to-set-up-a-speedefy-wifi-router\">haga clic aqu\u00ed<\/a> para leer una gu\u00eda paso a paso.<\/li>\n<\/ul>\t\t\t\t\t\t\t\t<\/div>\n\t\t\t\t\t<\/div>\n\t\t<\/div>\n\t\t\t\t\t<\/div>\n\t\t<\/section>\n\t\t\t\t<section class=\"elementor-section elementor-top-section elementor-element elementor-element-2a863b6 elementor-section-boxed elementor-section-height-default elementor-section-height-default\" data-id=\"2a863b6\" data-element_type=\"section\" data-e-type=\"section\">\n\t\t\t\t\t\t<div class=\"elementor-container elementor-column-gap-default\">\n\t\t\t\t\t<div class=\"elementor-column elementor-col-100 elementor-top-column elementor-element elementor-element-15c9464\" data-id=\"15c9464\" data-element_type=\"column\" data-e-type=\"column\">\n\t\t\t<div class=\"elementor-widget-wrap elementor-element-populated\">\n\t\t\t\t\t\t<div class=\"elementor-element elementor-element-fa51cd8 elementor-widget elementor-widget-video\" data-id=\"fa51cd8\" data-element_type=\"widget\" data-e-type=\"widget\" data-settings=\"{&quot;youtube_url&quot;:&quot;https:\\\/\\\/www.youtube.com\\\/watch?v=4XGnFjvc9h0&amp;feature=emb_imp_woyt&quot;,&quot;video_type&quot;:&quot;youtube&quot;,&quot;controls&quot;:&quot;yes&quot;}\" data-widget_type=\"video.default\">\n\t\t\t\t\t\t\t<div class=\"elementor-wrapper elementor-open-inline\">\n\t\t\t<div class=\"elementor-video\"><\/div>\t\t<\/div>\n\t\t\t\t\t\t<\/div>\n\t\t\t\t\t<\/div>\n\t\t<\/div>\n\t\t\t\t\t<\/div>\n\t\t<\/section>\n\t\t\t\t<section class=\"elementor-section elementor-top-section elementor-element elementor-element-4d8b974 elementor-section-boxed elementor-section-height-default elementor-section-height-default\" data-id=\"4d8b974\" data-element_type=\"section\" data-e-type=\"section\">\n\t\t\t\t\t\t<div class=\"elementor-container elementor-column-gap-default\">\n\t\t\t\t\t<div class=\"elementor-column elementor-col-100 elementor-top-column elementor-element elementor-element-6e24bbb\" data-id=\"6e24bbb\" data-element_type=\"column\" data-e-type=\"column\">\n\t\t\t<div class=\"elementor-widget-wrap elementor-element-populated\">\n\t\t\t\t\t\t<div class=\"elementor-element elementor-element-8776354 elementor-widget-divider--view-line elementor-widget elementor-widget-divider\" data-id=\"8776354\" data-element_type=\"widget\" data-e-type=\"widget\" data-widget_type=\"divider.default\">\n\t\t\t\t\t\t\t<div class=\"elementor-divider\">\n\t\t\t<span class=\"elementor-divider-separator\">\n\t\t\t\t\t\t<\/span>\n\t\t<\/div>\n\t\t\t\t\t\t<\/div>\n\t\t\t\t\t<\/div>\n\t\t<\/div>\n\t\t\t\t\t<\/div>\n\t\t<\/section>\n\t\t\t\t<section class=\"elementor-section elementor-top-section elementor-element elementor-element-e9f61a7 elementor-section-boxed elementor-section-height-default elementor-section-height-default\" data-id=\"e9f61a7\" data-element_type=\"section\" data-e-type=\"section\">\n\t\t\t\t\t\t<div class=\"elementor-container elementor-column-gap-default\">\n\t\t\t\t\t<div class=\"elementor-column elementor-col-100 elementor-top-column elementor-element elementor-element-9e1e6ff\" data-id=\"9e1e6ff\" data-element_type=\"column\" data-e-type=\"column\">\n\t\t\t<div class=\"elementor-widget-wrap elementor-element-populated\">\n\t\t\t\t\t\t<div class=\"elementor-element elementor-element-eb2e553 elementor-widget elementor-widget-heading\" data-id=\"eb2e553\" data-element_type=\"widget\" data-e-type=\"widget\" data-widget_type=\"heading.default\">\n\t\t\t\t\t<h2 class=\"elementor-heading-title elementor-size-default\">Con\u00e9ctese con nuestro soporte t\u00e9cnico<\/h2>\t\t\t\t<\/div>\n\t\t\t\t\t<\/div>\n\t\t<\/div>\n\t\t\t\t\t<\/div>\n\t\t<\/section>\n\t\t\t\t<section class=\"elementor-section elementor-top-section elementor-element elementor-element-44e1d5d2 elementor-section-boxed elementor-section-height-default elementor-section-height-default\" data-id=\"44e1d5d2\" data-element_type=\"section\" data-e-type=\"section\">\n\t\t\t\t\t\t<div class=\"elementor-container elementor-column-gap-default\">\n\t\t\t\t\t<div class=\"elementor-column elementor-col-33 elementor-top-column elementor-element elementor-element-a9a14d7\" data-id=\"a9a14d7\" data-element_type=\"column\" data-e-type=\"column\">\n\t\t\t<div class=\"elementor-widget-wrap elementor-element-populated\">\n\t\t\t\t\t\t<div class=\"elementor-element elementor-element-1e757375 elementor-view-stacked elementor-shape-circle elementor-widget elementor-widget-icon\" data-id=\"1e757375\" data-element_type=\"widget\" data-e-type=\"widget\" data-widget_type=\"icon.default\">\n\t\t\t\t\t\t\t<div class=\"elementor-icon-wrapper\">\n\t\t\t<a class=\"elementor-icon\" href=\"https:\/\/calendly.com\/speedefy\/customer-support\">\n\t\t\t<svg aria-hidden=\"true\" class=\"e-font-icon-svg e-far-calendar-alt\" viewBox=\"0 0 448 512\" xmlns=\"http:\/\/www.w3.org\/2000\/svg\"><path d=\"M148 288h-40c-6.6 0-12-5.4-12-12v-40c0-6.6 5.4-12 12-12h40c6.6 0 12 5.4 12 12v40c0 6.6-5.4 12-12 12zm108-12v-40c0-6.6-5.4-12-12-12h-40c-6.6 0-12 5.4-12 12v40c0 6.6 5.4 12 12 12h40c6.6 0 12-5.4 12-12zm96 0v-40c0-6.6-5.4-12-12-12h-40c-6.6 0-12 5.4-12 12v40c0 6.6 5.4 12 12 12h40c6.6 0 12-5.4 12-12zm-96 96v-40c0-6.6-5.4-12-12-12h-40c-6.6 0-12 5.4-12 12v40c0 6.6 5.4 12 12 12h40c6.6 0 12-5.4 12-12zm-96 0v-40c0-6.6-5.4-12-12-12h-40c-6.6 0-12 5.4-12 12v40c0 6.6 5.4 12 12 12h40c6.6 0 12-5.4 12-12zm192 0v-40c0-6.6-5.4-12-12-12h-40c-6.6 0-12 5.4-12 12v40c0 6.6 5.4 12 12 12h40c6.6 0 12-5.4 12-12zm96-260v352c0 26.5-21.5 48-48 48H48c-26.5 0-48-21.5-48-48V112c0-26.5 21.5-48 48-48h48V12c0-6.6 5.4-12 12-12h40c6.6 0 12 5.4 12 12v52h128V12c0-6.6 5.4-12 12-12h40c6.6 0 12 5.4 12 12v52h48c26.5 0 48 21.5 48 48zm-48 346V160H48v298c0 3.3 2.7 6 6 6h340c3.3 0 6-2.7 6-6z\"><\/path><\/svg>\t\t\t<\/a>\n\t\t<\/div>\n\t\t\t\t\t\t<\/div>\n\t\t\t\t<div class=\"elementor-element elementor-element-719c8094 elementor-widget elementor-widget-heading\" data-id=\"719c8094\" data-element_type=\"widget\" data-e-type=\"widget\" data-widget_type=\"heading.default\">\n\t\t\t\t\t<h3 class=\"elementor-heading-title elementor-size-large\"><a href=\"https:\/\/calendly.com\/speedefy\/customer-support\">Programe una llamada<\/a><\/h3>\t\t\t\t<\/div>\n\t\t\t\t\t<\/div>\n\t\t<\/div>\n\t\t\t\t<div class=\"elementor-column elementor-col-33 elementor-top-column elementor-element elementor-element-b6c7a0b\" data-id=\"b6c7a0b\" data-element_type=\"column\" data-e-type=\"column\">\n\t\t\t<div class=\"elementor-widget-wrap elementor-element-populated\">\n\t\t\t\t\t\t<div class=\"elementor-element elementor-element-3904dfc9 elementor-view-stacked elementor-shape-circle elementor-widget elementor-widget-icon\" data-id=\"3904dfc9\" data-element_type=\"widget\" data-e-type=\"widget\" data-widget_type=\"icon.default\">\n\t\t\t\t\t\t\t<div class=\"elementor-icon-wrapper\">\n\t\t\t<a class=\"elementor-icon\" href=\"https:\/\/www.speedefy.com\/help\/open-a-ticket\/\">\n\t\t\t<svg aria-hidden=\"true\" class=\"e-font-icon-svg e-fab-intercom\" viewBox=\"0 0 448 512\" xmlns=\"http:\/\/www.w3.org\/2000\/svg\"><path d=\"M392 32H56C25.1 32 0 57.1 0 88v336c0 30.9 25.1 56 56 56h336c30.9 0 56-25.1 56-56V88c0-30.9-25.1-56-56-56zm-108.3 82.1c0-19.8 29.9-19.8 29.9 0v199.5c0 19.8-29.9 19.8-29.9 0V114.1zm-74.6-7.5c0-19.8 29.9-19.8 29.9 0v216.5c0 19.8-29.9 19.8-29.9 0V106.6zm-74.7 7.5c0-19.8 29.9-19.8 29.9 0v199.5c0 19.8-29.9 19.8-29.9 0V114.1zM59.7 144c0-19.8 29.9-19.8 29.9 0v134.3c0 19.8-29.9 19.8-29.9 0V144zm323.4 227.8c-72.8 63-241.7 65.4-318.1 0-15-12.8 4.4-35.5 19.4-22.7 65.9 55.3 216.1 53.9 279.3 0 14.9-12.9 34.3 9.8 19.4 22.7zm5.2-93.5c0 19.8-29.9 19.8-29.9 0V144c0-19.8 29.9-19.8 29.9 0v134.3z\"><\/path><\/svg>\t\t\t<\/a>\n\t\t<\/div>\n\t\t\t\t\t\t<\/div>\n\t\t\t\t<div class=\"elementor-element elementor-element-172706d1 elementor-widget elementor-widget-heading\" data-id=\"172706d1\" data-element_type=\"widget\" data-e-type=\"widget\" data-widget_type=\"heading.default\">\n\t\t\t\t\t<h3 class=\"elementor-heading-title elementor-size-large\"><a href=\"https:\/\/www.speedefy.com\/help\/open-a-ticket\/\">Abrir un ticket<\/a><\/h3>\t\t\t\t<\/div>\n\t\t\t\t\t<\/div>\n\t\t<\/div>\n\t\t\t\t<div class=\"elementor-column elementor-col-33 elementor-top-column elementor-element elementor-element-18dd9342\" data-id=\"18dd9342\" data-element_type=\"column\" data-e-type=\"column\">\n\t\t\t<div class=\"elementor-widget-wrap elementor-element-populated\">\n\t\t\t\t\t\t<div class=\"elementor-element elementor-element-59a983c1 elementor-view-stacked elementor-shape-circle elementor-widget elementor-widget-icon\" data-id=\"59a983c1\" data-element_type=\"widget\" data-e-type=\"widget\" data-widget_type=\"icon.default\">\n\t\t\t\t\t\t\t<div class=\"elementor-icon-wrapper\">\n\t\t\t<a class=\"elementor-icon\" href=\"mailto:cs@speedefy.com\">\n\t\t\t<svg aria-hidden=\"true\" class=\"e-font-icon-svg e-fas-mail-bulk\" viewBox=\"0 0 576 512\" xmlns=\"http:\/\/www.w3.org\/2000\/svg\"><path d=\"M160 448c-25.6 0-51.2-22.4-64-32-64-44.8-83.2-60.8-96-70.4V480c0 17.67 14.33 32 32 32h256c17.67 0 32-14.33 32-32V345.6c-12.8 9.6-32 25.6-96 70.4-12.8 9.6-38.4 32-64 32zm128-192H32c-17.67 0-32 14.33-32 32v16c25.6 19.2 22.4 19.2 115.2 86.4 9.6 6.4 28.8 25.6 44.8 25.6s35.2-19.2 44.8-22.4c92.8-67.2 89.6-67.2 115.2-86.4V288c0-17.67-14.33-32-32-32zm256-96H224c-17.67 0-32 14.33-32 32v32h96c33.21 0 60.59 25.42 63.71 57.82l.29-.22V416h192c17.67 0 32-14.33 32-32V192c0-17.67-14.33-32-32-32zm-32 128h-64v-64h64v64zm-352-96c0-35.29 28.71-64 64-64h224V32c0-17.67-14.33-32-32-32H96C78.33 0 64 14.33 64 32v192h96v-32z\"><\/path><\/svg>\t\t\t<\/a>\n\t\t<\/div>\n\t\t\t\t\t\t<\/div>\n\t\t\t\t<div class=\"elementor-element elementor-element-520989e elementor-widget elementor-widget-heading\" data-id=\"520989e\" data-element_type=\"widget\" data-e-type=\"widget\" data-widget_type=\"heading.default\">\n\t\t\t\t\t<h3 class=\"elementor-heading-title elementor-size-large\"><a href=\"mailto:cs@speedefy.com\">Enviar un correo electr\u00f3nico<\/a><\/h3>\t\t\t\t<\/div>\n\t\t\t\t\t<\/div>\n\t\t<\/div>\n\t\t\t\t\t<\/div>\n\t\t<\/section>\n\t\t\t\t<\/div>\n\t\t","protected":false},"excerpt":{"rendered":"<p>Gu\u00eda de configuraci\u00f3n para el enrutador WiFi Speedefy K8 AC2100 Configure su router inal\u00e1mbrico Speedefy en minutos En este video, demostraremos c\u00f3mo configurar un enrutador WiFi Speedefy K8. Si tiene alg\u00fan problema con la visualizaci\u00f3n del video, haga clic aqu\u00ed para leer una gu\u00eda paso a paso. https:\/\/www.youtube.com\/watch?v=4XGnFjvc9h0&#038;feature=emb_imp_woyt Con\u00e9ctese con nuestro soporte t\u00e9cnico Programe una [&hellip;]<\/p>\n","protected":false},"author":1,"featured_media":0,"parent":0,"menu_order":0,"comment_status":"closed","ping_status":"closed","template":"","meta":{"footnotes":""},"class_list":["post-3859","page","type-page","status-publish","hentry"],"yoast_head":"<!-- This site is optimized with the Yoast SEO plugin v27.5 - https:\/\/yoast.com\/product\/yoast-seo-wordpress\/ -->\n<title>Gu\u00eda de video de configuraci\u00f3n r\u00e1pida - Speedefy K8 Router WiFi de alta velocidad<\/title>\n<meta name=\"description\" content=\"En este video, lo guiaremos para configurar su nuevo enrutador WiFi de alta velocidad Speedefy K8 en unos minutos. Gu\u00eda de v\u00eddeo de configuraci\u00f3n r\u00e1pida.\" \/>\n<meta name=\"robots\" content=\"index, follow, max-snippet:-1, max-image-preview:large, max-video-preview:-1\" \/>\n<link rel=\"canonical\" href=\"https:\/\/www.speedefy.com\/es\/guia-de-video-de-configuracion-rapida-speedefy-k8-router-wifi-de-alta-velocidad\/\" \/>\n<meta property=\"og:locale\" content=\"es_ES\" \/>\n<meta property=\"og:type\" content=\"article\" \/>\n<meta property=\"og:title\" content=\"Gu\u00eda de video de configuraci\u00f3n r\u00e1pida - Speedefy K8 Router WiFi de alta velocidad\" \/>\n<meta property=\"og:description\" content=\"En este video, lo guiaremos para configurar su nuevo enrutador WiFi de alta velocidad Speedefy K8 en unos minutos. Gu\u00eda de v\u00eddeo de configuraci\u00f3n r\u00e1pida.\" \/>\n<meta property=\"og:url\" content=\"https:\/\/www.speedefy.com\/es\/guia-de-video-de-configuracion-rapida-speedefy-k8-router-wifi-de-alta-velocidad\/\" \/>\n<meta property=\"og:site_name\" content=\"Speedefy WiFi Router\" \/>\n<meta property=\"article:modified_time\" content=\"2023-09-25T06:41:19+00:00\" \/>\n<meta name=\"twitter:card\" content=\"summary_large_image\" \/>\n<script type=\"application\/ld+json\" class=\"yoast-schema-graph\">{\"@context\":\"https:\\\/\\\/schema.org\",\"@graph\":[{\"@type\":\"WebPage\",\"@id\":\"https:\\\/\\\/www.speedefy.com\\\/es\\\/guia-de-video-de-configuracion-rapida-speedefy-k8-router-wifi-de-alta-velocidad\\\/\",\"url\":\"https:\\\/\\\/www.speedefy.com\\\/es\\\/guia-de-video-de-configuracion-rapida-speedefy-k8-router-wifi-de-alta-velocidad\\\/\",\"name\":\"Gu\u00eda de video de configuraci\u00f3n r\u00e1pida - Speedefy K8 Router WiFi de alta velocidad\",\"isPartOf\":{\"@id\":\"https:\\\/\\\/www.speedefy.com\\\/es\\\/#website\"},\"datePublished\":\"2021-07-18T23:07:28+00:00\",\"dateModified\":\"2023-09-25T06:41:19+00:00\",\"description\":\"En este video, lo guiaremos para configurar su nuevo enrutador WiFi de alta velocidad Speedefy K8 en unos minutos. Gu\u00eda de v\u00eddeo de configuraci\u00f3n r\u00e1pida.\",\"breadcrumb\":{\"@id\":\"https:\\\/\\\/www.speedefy.com\\\/es\\\/guia-de-video-de-configuracion-rapida-speedefy-k8-router-wifi-de-alta-velocidad\\\/#breadcrumb\"},\"inLanguage\":\"es\",\"potentialAction\":[{\"@type\":\"ReadAction\",\"target\":[\"https:\\\/\\\/www.speedefy.com\\\/es\\\/guia-de-video-de-configuracion-rapida-speedefy-k8-router-wifi-de-alta-velocidad\\\/\"]}]},{\"@type\":\"BreadcrumbList\",\"@id\":\"https:\\\/\\\/www.speedefy.com\\\/es\\\/guia-de-video-de-configuracion-rapida-speedefy-k8-router-wifi-de-alta-velocidad\\\/#breadcrumb\",\"itemListElement\":[{\"@type\":\"ListItem\",\"position\":1,\"name\":\"Home\",\"item\":\"https:\\\/\\\/www.speedefy.com\\\/es\\\/pagina-de-inicio-de-speedefy\\\/\"},{\"@type\":\"ListItem\",\"position\":2,\"name\":\"Gu\u00eda de video de configuraci\u00f3n r\u00e1pida &#8211; Speedefy K8 Router WiFi de alta velocidad\"}]},{\"@type\":\"WebSite\",\"@id\":\"https:\\\/\\\/www.speedefy.com\\\/es\\\/#website\",\"url\":\"https:\\\/\\\/www.speedefy.com\\\/es\\\/\",\"name\":\"Speedefy WiFi Router\",\"description\":\"The best wireless routers for fast internet\",\"publisher\":{\"@id\":\"https:\\\/\\\/www.speedefy.com\\\/es\\\/#organization\"},\"potentialAction\":[{\"@type\":\"SearchAction\",\"target\":{\"@type\":\"EntryPoint\",\"urlTemplate\":\"https:\\\/\\\/www.speedefy.com\\\/es\\\/?s={search_term_string}\"},\"query-input\":{\"@type\":\"PropertyValueSpecification\",\"valueRequired\":true,\"valueName\":\"search_term_string\"}}],\"inLanguage\":\"es\"},{\"@type\":\"Organization\",\"@id\":\"https:\\\/\\\/www.speedefy.com\\\/es\\\/#organization\",\"name\":\"Speedefy\",\"url\":\"https:\\\/\\\/www.speedefy.com\\\/es\\\/\",\"logo\":{\"@type\":\"ImageObject\",\"inLanguage\":\"es\",\"@id\":\"https:\\\/\\\/www.speedefy.com\\\/es\\\/#\\\/schema\\\/logo\\\/image\\\/\",\"url\":\"https:\\\/\\\/www.speedefy.com\\\/wp-content\\\/uploads\\\/2021\\\/11\\\/cropped-speedefy_700-small-1-e1638182577555.png\",\"contentUrl\":\"https:\\\/\\\/www.speedefy.com\\\/wp-content\\\/uploads\\\/2021\\\/11\\\/cropped-speedefy_700-small-1-e1638182577555.png\",\"width\":200,\"height\":46,\"caption\":\"Speedefy\"},\"image\":{\"@id\":\"https:\\\/\\\/www.speedefy.com\\\/es\\\/#\\\/schema\\\/logo\\\/image\\\/\"}}]}<\/script>\n<!-- \/ Yoast SEO plugin. -->","yoast_head_json":{"title":"Gu\u00eda de video de configuraci\u00f3n r\u00e1pida - Speedefy K8 Router WiFi de alta velocidad","description":"En este video, lo guiaremos para configurar su nuevo enrutador WiFi de alta velocidad Speedefy K8 en unos minutos. Gu\u00eda de v\u00eddeo de configuraci\u00f3n r\u00e1pida.","robots":{"index":"index","follow":"follow","max-snippet":"max-snippet:-1","max-image-preview":"max-image-preview:large","max-video-preview":"max-video-preview:-1"},"canonical":"https:\/\/www.speedefy.com\/es\/guia-de-video-de-configuracion-rapida-speedefy-k8-router-wifi-de-alta-velocidad\/","og_locale":"es_ES","og_type":"article","og_title":"Gu\u00eda de video de configuraci\u00f3n r\u00e1pida - Speedefy K8 Router WiFi de alta velocidad","og_description":"En este video, lo guiaremos para configurar su nuevo enrutador WiFi de alta velocidad Speedefy K8 en unos minutos. Gu\u00eda de v\u00eddeo de configuraci\u00f3n r\u00e1pida.","og_url":"https:\/\/www.speedefy.com\/es\/guia-de-video-de-configuracion-rapida-speedefy-k8-router-wifi-de-alta-velocidad\/","og_site_name":"Speedefy WiFi Router","article_modified_time":"2023-09-25T06:41:19+00:00","twitter_card":"summary_large_image","schema":{"@context":"https:\/\/schema.org","@graph":[{"@type":"WebPage","@id":"https:\/\/www.speedefy.com\/es\/guia-de-video-de-configuracion-rapida-speedefy-k8-router-wifi-de-alta-velocidad\/","url":"https:\/\/www.speedefy.com\/es\/guia-de-video-de-configuracion-rapida-speedefy-k8-router-wifi-de-alta-velocidad\/","name":"Gu\u00eda de video de configuraci\u00f3n r\u00e1pida - Speedefy K8 Router WiFi de alta velocidad","isPartOf":{"@id":"https:\/\/www.speedefy.com\/es\/#website"},"datePublished":"2021-07-18T23:07:28+00:00","dateModified":"2023-09-25T06:41:19+00:00","description":"En este video, lo guiaremos para configurar su nuevo enrutador WiFi de alta velocidad Speedefy K8 en unos minutos. Gu\u00eda de v\u00eddeo de configuraci\u00f3n r\u00e1pida.","breadcrumb":{"@id":"https:\/\/www.speedefy.com\/es\/guia-de-video-de-configuracion-rapida-speedefy-k8-router-wifi-de-alta-velocidad\/#breadcrumb"},"inLanguage":"es","potentialAction":[{"@type":"ReadAction","target":["https:\/\/www.speedefy.com\/es\/guia-de-video-de-configuracion-rapida-speedefy-k8-router-wifi-de-alta-velocidad\/"]}]},{"@type":"BreadcrumbList","@id":"https:\/\/www.speedefy.com\/es\/guia-de-video-de-configuracion-rapida-speedefy-k8-router-wifi-de-alta-velocidad\/#breadcrumb","itemListElement":[{"@type":"ListItem","position":1,"name":"Home","item":"https:\/\/www.speedefy.com\/es\/pagina-de-inicio-de-speedefy\/"},{"@type":"ListItem","position":2,"name":"Gu\u00eda de video de configuraci\u00f3n r\u00e1pida &#8211; Speedefy K8 Router WiFi de alta velocidad"}]},{"@type":"WebSite","@id":"https:\/\/www.speedefy.com\/es\/#website","url":"https:\/\/www.speedefy.com\/es\/","name":"Speedefy WiFi Router","description":"The best wireless routers for fast internet","publisher":{"@id":"https:\/\/www.speedefy.com\/es\/#organization"},"potentialAction":[{"@type":"SearchAction","target":{"@type":"EntryPoint","urlTemplate":"https:\/\/www.speedefy.com\/es\/?s={search_term_string}"},"query-input":{"@type":"PropertyValueSpecification","valueRequired":true,"valueName":"search_term_string"}}],"inLanguage":"es"},{"@type":"Organization","@id":"https:\/\/www.speedefy.com\/es\/#organization","name":"Speedefy","url":"https:\/\/www.speedefy.com\/es\/","logo":{"@type":"ImageObject","inLanguage":"es","@id":"https:\/\/www.speedefy.com\/es\/#\/schema\/logo\/image\/","url":"https:\/\/www.speedefy.com\/wp-content\/uploads\/2021\/11\/cropped-speedefy_700-small-1-e1638182577555.png","contentUrl":"https:\/\/www.speedefy.com\/wp-content\/uploads\/2021\/11\/cropped-speedefy_700-small-1-e1638182577555.png","width":200,"height":46,"caption":"Speedefy"},"image":{"@id":"https:\/\/www.speedefy.com\/es\/#\/schema\/logo\/image\/"}}]}},"_links":{"self":[{"href":"https:\/\/www.speedefy.com\/es\/wp-json\/wp\/v2\/pages\/3859","targetHints":{"allow":["GET"]}}],"collection":[{"href":"https:\/\/www.speedefy.com\/es\/wp-json\/wp\/v2\/pages"}],"about":[{"href":"https:\/\/www.speedefy.com\/es\/wp-json\/wp\/v2\/types\/page"}],"author":[{"embeddable":true,"href":"https:\/\/www.speedefy.com\/es\/wp-json\/wp\/v2\/users\/1"}],"replies":[{"embeddable":true,"href":"https:\/\/www.speedefy.com\/es\/wp-json\/wp\/v2\/comments?post=3859"}],"version-history":[{"count":1,"href":"https:\/\/www.speedefy.com\/es\/wp-json\/wp\/v2\/pages\/3859\/revisions"}],"predecessor-version":[{"id":3874,"href":"https:\/\/www.speedefy.com\/es\/wp-json\/wp\/v2\/pages\/3859\/revisions\/3874"}],"wp:attachment":[{"href":"https:\/\/www.speedefy.com\/es\/wp-json\/wp\/v2\/media?parent=3859"}],"curies":[{"name":"wp","href":"https:\/\/api.w.org\/{rel}","templated":true}]}}